{"id":1205,"date":"2024-08-02T09:32:02","date_gmt":"2024-08-02T09:32:02","guid":{"rendered":"https:\/\/www.cenlab.com.pl\/?page_id=1205"},"modified":"2024-08-02T09:36:10","modified_gmt":"2024-08-02T09:36:10","slug":"przygotowanie-pacjenta-prolaktyna","status":"publish","type":"page","link":"https:\/\/www.cenlab.com.pl\/?page_id=1205","title":{"rendered":"Przygotowanie pacjenta &#8211; prolaktyna"},"content":{"rendered":"<p>3 dni przed badaniem nie nale\u017cy spo\u017cywa\u0107 alkoholu<\/p>\n<p>Na badanie nale\u017cy zg\u0142osi\u0107 si\u0119 rano, najlepiej w godz. 8.00 \u2013 10.00 po wypoczynku nocnym<\/p>\n<p>Do czasu badania pozosta\u0107 na czczo, zalecane minimum 8 h przerwy od ostatniego posi\u0142ku i 4 godziny bez przyjmowania p\u0142yn\u00f3w, a co najmniej 12 godzin przed pobraniem nie pi\u0107 kawy ani herbaty<\/p>\n<p>W przeddzie\u0144 pobrania krwi unika\u0107 znacznego wysi\u0142ku fizycznego, zachowa\u0107 abstynencj\u0119 seksualn\u0105 oraz w miar\u0119 mo\u017cliwo\u015bci wyeliminowa\u0107 przyczyny stresu. Ponadto nie nale\u017cy poddawa\u0107 si\u0119 badaniu ginekologicznemu i badaniu gruczo\u0142\u00f3w sutkowych.<\/p>\n","protected":false},"excerpt":{"rendered":"<p>3 dni przed badaniem nie nale\u017cy spo\u017cywa\u0107 alkoholu Na badanie nale\u017cy zg\u0142osi\u0107 si\u0119 rano, najlepiej w godz. 8.00 \u2013 10.00 po wypoczynku nocnym Do czasu badania pozosta\u0107 na czczo, zalecane minimum 8 h przerwy od ostatniego posi\u0142ku i 4 godziny bez przyjmowania p\u0142yn\u00f3w, a co najmniej 12 godzin przed pobraniem nie pi\u0107 kawy ani herbaty [&hellip;]<\/p>\n","protected":false},"author":1,"featured_media":0,"parent":0,"menu_order":0,"comment_status":"closed","ping_status":"closed","template":"","meta":{"footnotes":""},"class_list":["post-1205","page","type-page","status-publish","hentry"],"_links":{"self":[{"href":"https:\/\/www.cenlab.com.pl\/index.php?rest_route=\/wp\/v2\/pages\/1205"}],"collection":[{"href":"https:\/\/www.cenlab.com.pl\/index.php?rest_route=\/wp\/v2\/pages"}],"about":[{"href":"https:\/\/www.cenlab.com.pl\/index.php?rest_route=\/wp\/v2\/types\/page"}],"author":[{"embeddable":true,"href":"https:\/\/www.cenlab.com.pl\/index.php?rest_route=\/wp\/v2\/users\/1"}],"replies":[{"embeddable":true,"href":"https:\/\/www.cenlab.com.pl\/index.php?rest_route=%2Fwp%2Fv2%2Fcomments&post=1205"}],"version-history":[{"count":2,"href":"https:\/\/www.cenlab.com.pl\/index.php?rest_route=\/wp\/v2\/pages\/1205\/revisions"}],"predecessor-version":[{"id":1207,"href":"https:\/\/www.cenlab.com.pl\/index.php?rest_route=\/wp\/v2\/pages\/1205\/revisions\/1207"}],"wp:attachment":[{"href":"https:\/\/www.cenlab.com.pl\/index.php?rest_route=%2Fwp%2Fv2%2Fmedia&parent=1205"}],"curies":[{"name":"wp","href":"https:\/\/api.w.org\/{rel}","templated":true}]}}