{"id":1209,"date":"2024-08-02T09:41:42","date_gmt":"2024-08-02T09:41:42","guid":{"rendered":"https:\/\/www.cenlab.com.pl\/?page_id=1209"},"modified":"2024-08-02T09:46:28","modified_gmt":"2024-08-02T09:46:28","slug":"przygotowanie-pacjenta-dobowa-zbiorka-moczu","status":"publish","type":"page","link":"https:\/\/www.cenlab.com.pl\/?page_id=1209","title":{"rendered":"Przygotowanie pacjenta &#8211; dobowa zbi\u00f3rka moczu"},"content":{"rendered":"<p>Przygotowa\u0107 czysty pojemnik z nakr\u0119tk\u0105 o obj\u0119to\u015bci 2\u20133 litr\u00f3w, najlepiej z podzia\u0142k\u0105 oraz jednorazowy pojemnik z nakr\u0119tk\u0105, o pojemno\u015bci 50\u2013100 ml (dost\u0119pne w aptece)<br \/>\n\u2013 w dniu poprzedzaj\u0105cym badanie oraz w dniu badania nale\u017cy unika\u0107 znacznego wysi\u0142ku fizycznego<br \/>\n\u2013 nie przeprowadza\u0107 dobowej zbi\u00f3rki moczu podczas, i w ci\u0105gu 3 dni po zako\u0144czeniu miesi\u0105czki<br \/>\n\u2013 pozosta\u0142e, szczeg\u00f3\u0142owe zalecenia dotycz\u0105ce przygotowania si\u0119 do badania nale\u017cy ustali\u0107 indywidualnie z lekarzem<\/p>\n<p><span style=\"text-decoration: underline; color: #ff0000;\">Pobranie pr\u00f3bki moczu<\/span><\/p>\n<p><span style=\"color: #0000ff;\">I dzie\u0144<\/span> \u2013 rano, po wstaniu np. godz. 6:00 pierwsz\u0105 porcj\u0119 moczu odda\u0107 do toalety<br \/>\n\u2013 zapisa\u0107 czas oddania pierwszej porcji moczu \u2013 CZAS TEN JEST POCZ\u0104TKIEM ZBI\u00d3RKI MOCZU<br \/>\n\u2013 wszystkie nast\u0119pne porcje moczu oddawa\u0107 do przygotowanego pojemnika<br \/>\nPojemnik, przez ca\u0142y okres zbi\u00f3rki przechowywa\u0107 w ch\u0142odnym, zacienionym miejscu, najlepiej w temp. lod\u00f3wki 2-8 st. C<br \/>\n<span style=\"color: #0000ff;\">II dzie\u0144<\/span> \u2013 rano o godz. 6:00 do naczynia odda\u0107 tylko pierwsz\u0105 porcj\u0119 moczu po przerwie nocnej<br \/>\n\u2013 zapisa\u0107 czas oddania ostatniej porcji moczu<br \/>\n\u2013 zmierzy\u0107 obj\u0119to\u015b\u0107 moczu w pojemniku<br \/>\n\u2013 mocz dok\u0142adnie wymiesza\u0107, nast\u0119pnie odla\u0107 ok. 50\u2013100 ml do jednorazowego pojemnika na mocz<br \/>\n\u2013 pojemnik opisa\u0107: imi\u0119, nazwisko, obj\u0119to\u015b\u0107 moczu, dok\u0142adny czas rozpocz\u0119cia i zako\u0144czenia zbi\u00f3rki<\/p>\n<p>Mocz dostarczy\u0107 do laboratorium tak szybko, jak to mo\u017cliwe (do chwili dostarczenia przechowywa\u0107 w ch\u0142odnym, zacienionym miejscu, najlepiej w temp. lod\u00f3wki 2-8 st. C)<\/p>\n","protected":false},"excerpt":{"rendered":"<p>Przygotowa\u0107 czysty pojemnik z nakr\u0119tk\u0105 o obj\u0119to\u015bci 2\u20133 litr\u00f3w, najlepiej z podzia\u0142k\u0105 oraz jednorazowy pojemnik z nakr\u0119tk\u0105, o pojemno\u015bci 50\u2013100 ml (dost\u0119pne w aptece) \u2013 w dniu poprzedzaj\u0105cym badanie oraz w dniu badania nale\u017cy unika\u0107 znacznego wysi\u0142ku fizycznego \u2013 nie przeprowadza\u0107 dobowej zbi\u00f3rki moczu podczas, i w ci\u0105gu 3 dni po zako\u0144czeniu miesi\u0105czki \u2013 pozosta\u0142e, [&hellip;]<\/p>\n","protected":false},"author":1,"featured_media":0,"parent":0,"menu_order":0,"comment_status":"closed","ping_status":"closed","template":"","meta":{"footnotes":""},"class_list":["post-1209","page","type-page","status-publish","hentry"],"_links":{"self":[{"href":"https:\/\/www.cenlab.com.pl\/index.php?rest_route=\/wp\/v2\/pages\/1209"}],"collection":[{"href":"https:\/\/www.cenlab.com.pl\/index.php?rest_route=\/wp\/v2\/pages"}],"about":[{"href":"https:\/\/www.cenlab.com.pl\/index.php?rest_route=\/wp\/v2\/types\/page"}],"author":[{"embeddable":true,"href":"https:\/\/www.cenlab.com.pl\/index.php?rest_route=\/wp\/v2\/users\/1"}],"replies":[{"embeddable":true,"href":"https:\/\/www.cenlab.com.pl\/index.php?rest_route=%2Fwp%2Fv2%2Fcomments&post=1209"}],"version-history":[{"count":5,"href":"https:\/\/www.cenlab.com.pl\/index.php?rest_route=\/wp\/v2\/pages\/1209\/revisions"}],"predecessor-version":[{"id":1215,"href":"https:\/\/www.cenlab.com.pl\/index.php?rest_route=\/wp\/v2\/pages\/1209\/revisions\/1215"}],"wp:attachment":[{"href":"https:\/\/www.cenlab.com.pl\/index.php?rest_route=%2Fwp%2Fv2%2Fmedia&parent=1209"}],"curies":[{"name":"wp","href":"https:\/\/api.w.org\/{rel}","templated":true}]}}