{"id":1226,"date":"2024-09-09T09:12:45","date_gmt":"2024-09-09T09:12:45","guid":{"rendered":"https:\/\/www.cenlab.com.pl\/?page_id=1226"},"modified":"2024-09-09T12:46:22","modified_gmt":"2024-09-09T12:46:22","slug":"komory-do-ciaglej-dezynfekcji-powietrza","status":"publish","type":"page","link":"https:\/\/www.cenlab.com.pl\/?page_id=1226","title":{"rendered":"Komory do ci\u0105g\u0142ej dezynfekcji powietrza"},"content":{"rendered":"<p>Praca nad konstrukcj\u0105 kom\u00f3r do ci\u0105g\u0142ej dezynfekcji powietrza\u00a0 w laboratorium rozpocz\u0119\u0142y si\u0119 na d\u0142ugo przed wyst\u0105pieniem pandemii koronawirusa w 2020 r.\u00a0 Pojawienie si\u0119 pandemii spowodowa\u0142o przyspieszenie prac\u00a0 zwi\u0105zanych z certyfikacj\u0105 i pierwsze komory zosta\u0142y zainstalowane kr\u00f3tko po og\u0142oszeniu stanu epidemicznego. U podstaw decyzji o rozpocz\u0119ciu prac nad komorami by\u0142a ch\u0119\u0107 ograniczenia infekcji (g\u0142\u00f3wnie wirusami grypy) pacjent\u00f3w oraz personelu w laboratorium analitycznym , w kt\u00f3rym masowo pobiera si\u0119 krew oraz inny materia\u0142 biologiczny oraz wykonuje si\u0119 na miejscu wi\u0119kszo\u015b\u0107 zleconych bada\u0144 z zakresu diagnostyki laboratoryjnej. Po wyga\u015bni\u0119ciu pandemii, komory do dezynfekcji powietrza w dalszym ci\u0105gu kontynuuj\u0105 swoje dzia\u0142anie. Je\u017celi s\u0105 Pa\u0144stwo zainteresowani szczeg\u00f3\u0142ami technicznymi naszego <span style=\"text-decoration: underline;\">unikalnego rozwi\u0105zania<\/span> to wi\u0119cej informacji znajdziecie Pa\u0144stwo <span style=\"color: #0000ff;\"><strong><a href=\"http:\/\/sanirapl.wordpress.com\"><span style=\"color: #0000ff;\">tutaj<\/span><\/a><span style=\"color: #0000ff;\">.<\/span><\/strong><\/span><\/p>\n","protected":false},"excerpt":{"rendered":"<p>Praca nad konstrukcj\u0105 kom\u00f3r do ci\u0105g\u0142ej dezynfekcji powietrza\u00a0 w laboratorium rozpocz\u0119\u0142y si\u0119 na d\u0142ugo przed wyst\u0105pieniem pandemii koronawirusa w 2020 r.\u00a0 Pojawienie si\u0119 pandemii spowodowa\u0142o przyspieszenie prac\u00a0 zwi\u0105zanych z certyfikacj\u0105 i pierwsze komory zosta\u0142y zainstalowane kr\u00f3tko po og\u0142oszeniu stanu epidemicznego. U podstaw decyzji o rozpocz\u0119ciu prac nad komorami by\u0142a ch\u0119\u0107 ograniczenia infekcji (g\u0142\u00f3wnie wirusami grypy) [&hellip;]<\/p>\n","protected":false},"author":1,"featured_media":0,"parent":0,"menu_order":0,"comment_status":"closed","ping_status":"closed","template":"","meta":{"footnotes":""},"class_list":["post-1226","page","type-page","status-publish","hentry"],"_links":{"self":[{"href":"https:\/\/www.cenlab.com.pl\/index.php?rest_route=\/wp\/v2\/pages\/1226"}],"collection":[{"href":"https:\/\/www.cenlab.com.pl\/index.php?rest_route=\/wp\/v2\/pages"}],"about":[{"href":"https:\/\/www.cenlab.com.pl\/index.php?rest_route=\/wp\/v2\/types\/page"}],"author":[{"embeddable":true,"href":"https:\/\/www.cenlab.com.pl\/index.php?rest_route=\/wp\/v2\/users\/1"}],"replies":[{"embeddable":true,"href":"https:\/\/www.cenlab.com.pl\/index.php?rest_route=%2Fwp%2Fv2%2Fcomments&post=1226"}],"version-history":[{"count":5,"href":"https:\/\/www.cenlab.com.pl\/index.php?rest_route=\/wp\/v2\/pages\/1226\/revisions"}],"predecessor-version":[{"id":1232,"href":"https:\/\/www.cenlab.com.pl\/index.php?rest_route=\/wp\/v2\/pages\/1226\/revisions\/1232"}],"wp:attachment":[{"href":"https:\/\/www.cenlab.com.pl\/index.php?rest_route=%2Fwp%2Fv2%2Fmedia&parent=1226"}],"curies":[{"name":"wp","href":"https:\/\/api.w.org\/{rel}","templated":true}]}}