{"id":1248,"date":"2024-09-27T10:54:06","date_gmt":"2024-09-27T10:54:06","guid":{"rendered":"https:\/\/www.cenlab.com.pl\/?page_id=1248"},"modified":"2024-09-27T11:04:59","modified_gmt":"2024-09-27T11:04:59","slug":"standardy-ochrony-maloletnich","status":"publish","type":"page","link":"https:\/\/www.cenlab.com.pl\/?page_id=1248","title":{"rendered":"STANDARDY OCHRONY MA\u0141OLETNICH"},"content":{"rendered":"<p><a href=\"https:\/\/www.cenlab.com.pl\/wordpress\/wp-content\/uploads\/STANDARDY-OCHRONY-MA\u0141OLETNICH_Wersja-skr\u00f3cona-.pdf\">STANDARDY OCHRONY MA\u0141OLETNICH_Wersja skr\u00f3cona<\/a><\/p>\n<p><a href=\"https:\/\/www.cenlab.com.pl\/wordpress\/wp-content\/uploads\/STANDARDY-OCHRONY-MA\u0141OLETNICH_Wersja-skr\u00f3cona-dla-DLA-DZIECI-.pdf\">STANDARDY OCHRONY MA\u0141OLETNICH_Wersja skr\u00f3cona &#8211; dla DLA DZIECI<\/a><\/p>\n","protected":false},"excerpt":{"rendered":"<p>STANDARDY OCHRONY MA\u0141OLETNICH_Wersja skr\u00f3cona STANDARDY OCHRONY MA\u0141OLETNICH_Wersja skr\u00f3cona &#8211; dla DLA DZIECI<\/p>\n","protected":false},"author":1,"featured_media":0,"parent":0,"menu_order":0,"comment_status":"closed","ping_status":"closed","template":"","meta":{"footnotes":""},"class_list":["post-1248","page","type-page","status-publish","hentry"],"_links":{"self":[{"href":"https:\/\/www.cenlab.com.pl\/index.php?rest_route=\/wp\/v2\/pages\/1248"}],"collection":[{"href":"https:\/\/www.cenlab.com.pl\/index.php?rest_route=\/wp\/v2\/pages"}],"about":[{"href":"https:\/\/www.cenlab.com.pl\/index.php?rest_route=\/wp\/v2\/types\/page"}],"author":[{"embeddable":true,"href":"https:\/\/www.cenlab.com.pl\/index.php?rest_route=\/wp\/v2\/users\/1"}],"replies":[{"embeddable":true,"href":"https:\/\/www.cenlab.com.pl\/index.php?rest_route=%2Fwp%2Fv2%2Fcomments&post=1248"}],"version-history":[{"count":4,"href":"https:\/\/www.cenlab.com.pl\/index.php?rest_route=\/wp\/v2\/pages\/1248\/revisions"}],"predecessor-version":[{"id":1256,"href":"https:\/\/www.cenlab.com.pl\/index.php?rest_route=\/wp\/v2\/pages\/1248\/revisions\/1256"}],"wp:attachment":[{"href":"https:\/\/www.cenlab.com.pl\/index.php?rest_route=%2Fwp%2Fv2%2Fmedia&parent=1248"}],"curies":[{"name":"wp","href":"https:\/\/api.w.org\/{rel}","templated":true}]}}