{"id":16,"date":"2013-12-12T14:50:55","date_gmt":"2013-12-12T14:50:55","guid":{"rendered":"http:\/\/www.cenlab.com.pl\/wordpress\/?page_id=16"},"modified":"2022-09-12T10:21:54","modified_gmt":"2022-09-12T10:21:54","slug":"o-firmie","status":"publish","type":"page","link":"https:\/\/www.cenlab.com.pl\/?page_id=16","title":{"rendered":"O FIRMIE"},"content":{"rendered":"<p><b>Centralne Laboratorium Analityczne w Gliwicach <\/b>dzia\u0142a w naszym mie\u015bcie od kilkudziesi\u0119ciu lat. Jako Niepubliczny Zak\u0142ad Opieki Zdrowotnej pracujemy od stycznia <strong>2001 roku<\/strong>, tj. od momentu prywatyzacji lecznictwa ambulatoryjnego gliwickiej s\u0142u\u017cby zdrowia. <strong>Dla komfortu pacjent\u00f3w<\/strong> w roku 2015 zainstalowali\u015bmy w laboratorium<strong> klimatyzacj\u0119, <\/strong>a w roku 2017 zmodernizowali\u015bmy poczekalni\u0119 pacjent\u00f3w wyposa\u017caj\u0105c j\u0105 w kolejkomat. Prowadzimy dzia\u0142alno\u015b\u0107 diagnostyczn\u0105\u00a0 nieprzerwanie od prawie 70 lat.<\/p>\n<p>Pracownicy laboratorium stanowi\u0105 wyspecjalizowan\u0105 kadr\u0119 z wieloletnim do\u015bwiadczeniem. Posiadamy odpowiedni\u0105 aparatur\u0119 (zar\u00f3wno do bada\u0144 podstawowych, jak i specjalistycznych), dzi\u0119ki czemu wi\u0119kszo\u015b\u0107 bada\u0144 wykonywana jest na miejscu, bez konieczno\u015bci transportu pr\u00f3bek, a wyniki s\u0105 gotowe do odbioru <span style=\"text-decoration: underline;\">tego samego dnia<\/span> w godzinach popo\u0142udniowych.<\/p>\n<p>Ka\u017cdy wynik badania zawiera odpowiednie przedzia\u0142y referencyjne ( <a href=\"http:\/\/www.cenlab.com.pl\/img\/demo_wynik.htm\">przyk\u0142adowy wydruk<\/a> ). Wszystkie czynno\u015bci zwi\u0105zane z obs\u0142ug\u0105 pacjenta (rejestracja, pobranie, wykonanie analizy, sprawdzenie i zatwierdzenie wyniku) s\u0105 autoryzowane przez do\u015bwiadczonych diagnost\u00f3w laboratoryjnych i rejestrowane w systemie informatycznym w formie ksi\u0119gi bada\u0144.<\/p>\n<p>Rejestracja pacjent\u00f3w i wydawanie wynik\u00f3w odbywa si\u0119 z zastosowaniem<strong> Systemu Informatycznego Laboratorium Analitycznego<\/strong><strong><\/strong>.<\/p>\n<p>Stosujemy sprz\u0119t i odczynniki renomowanych, specjalistycznych firm spe\u0142niaj\u0105cych kryteria ISO i EC.<\/p>\n<p>Aby zapewni\u0107 wysok\u0105 jako\u015b\u0107 naszych bada\u0144 laboratorium bierze udzia\u0142 w og\u00f3lnopolskiej i mi\u0119dzynarodowej kontroli jako\u015bci, poddaj\u0105c ocenie wi\u0119kszo\u015b\u0107 oznaczanych parametr\u00f3w.<\/p>\n<h2><\/h2>\n<div>\n<h2>Telefon<\/h2>\n<div>32-231 24 88 lub 798 312 486<\/div>\n<div><\/div>\n<div>\n<h2>E-mail<\/h2>\n<p><a href=\"mailto:cla@cenlab.com.pl\">cla@cenlab.com.pl<\/a><\/p>\n<\/div>\n<div><\/div>\n<h2>Adres<\/h2>\n<div>ul. Zygmunta Starego 16A<\/div>\n<div>44-100 Gliwice<\/div>\n<div>(w podw\u00f3rzu, za by\u0142\u0105 siedzib\u0105\u00a0Pogotowia Ratunkowego)<\/div>\n<\/div>\n","protected":false},"excerpt":{"rendered":"<p>Centralne Laboratorium Analityczne w Gliwicach dzia\u0142a w naszym mie\u015bcie od kilkudziesi\u0119ciu lat. Jako Niepubliczny Zak\u0142ad Opieki Zdrowotnej pracujemy od stycznia 2001 roku, tj. od momentu prywatyzacji lecznictwa ambulatoryjnego gliwickiej s\u0142u\u017cby zdrowia. Dla komfortu pacjent\u00f3w w roku 2015 zainstalowali\u015bmy w laboratorium klimatyzacj\u0119, a w roku 2017 zmodernizowali\u015bmy poczekalni\u0119 pacjent\u00f3w wyposa\u017caj\u0105c j\u0105 w kolejkomat. Prowadzimy dzia\u0142alno\u015b\u0107 diagnostyczn\u0105\u00a0 [&hellip;]<\/p>\n","protected":false},"author":1,"featured_media":0,"parent":0,"menu_order":0,"comment_status":"closed","ping_status":"closed","template":"index.php","meta":{"footnotes":""},"class_list":["post-16","page","type-page","status-publish","hentry"],"_links":{"self":[{"href":"https:\/\/www.cenlab.com.pl\/index.php?rest_route=\/wp\/v2\/pages\/16"}],"collection":[{"href":"https:\/\/www.cenlab.com.pl\/index.php?rest_route=\/wp\/v2\/pages"}],"about":[{"href":"https:\/\/www.cenlab.com.pl\/index.php?rest_route=\/wp\/v2\/types\/page"}],"author":[{"embeddable":true,"href":"https:\/\/www.cenlab.com.pl\/index.php?rest_route=\/wp\/v2\/users\/1"}],"replies":[{"embeddable":true,"href":"https:\/\/www.cenlab.com.pl\/index.php?rest_route=%2Fwp%2Fv2%2Fcomments&post=16"}],"version-history":[{"count":1,"href":"https:\/\/www.cenlab.com.pl\/index.php?rest_route=\/wp\/v2\/pages\/16\/revisions"}],"predecessor-version":[{"id":17,"href":"https:\/\/www.cenlab.com.pl\/index.php?rest_route=\/wp\/v2\/pages\/16\/revisions\/17"}],"wp:attachment":[{"href":"https:\/\/www.cenlab.com.pl\/index.php?rest_route=%2Fwp%2Fv2%2Fmedia&parent=16"}],"curies":[{"name":"wp","href":"https:\/\/api.w.org\/{rel}","templated":true}]}}