{"id":192,"date":"2016-07-19T17:30:15","date_gmt":"2016-07-19T17:30:15","guid":{"rendered":"http:\/\/www.cenlab.com.pl\/?page_id=192"},"modified":"2024-03-07T17:18:03","modified_gmt":"2024-03-07T17:18:03","slug":"nowe-badania","status":"publish","type":"page","link":"https:\/\/www.cenlab.com.pl\/?page_id=192","title":{"rendered":"NOWO\u015aCI"},"content":{"rendered":"<h2><span style=\"color: #888888;\">Rok 2020<\/span><\/h2>\n<p><b>Przeciwcia\u0142a SARS-CoV-2 [ilo\u015bciowo]<br \/>\n<\/b><\/p>\n<p>Po\u00a0 zaka\u017ceniu SARS-CoV-2 organizm wytwarza swoiste przeciwcia\u0142a przeciwko antygenom wirusa. Przeciwcia\u0142a IgM oraz IgG pojawiaj\u0105 si\u0119 prawie r\u00f3wnocze\u015bnie. Przeciwcia\u0142a w klasie IgG \u015bwiadcz\u0105 o wcze\u015bniejszym przebyciu COVID-19 lub nabyciu odporno\u015bci po szczepieniu.\u00a0 Badanie wykonujemy poprzez oznaczanie specyficznych przeciwcia\u0142 przy u\u017cyciu testu immunoenzymatycznego (metoda ECLIA Roche). Oznaczenie poziomu przeciwcia\u0142\u00a0 mo\u017ce by\u0107 pomocne w okre\u015bleniu bezobjawowego przebycia zaka\u017cenia oraz monitorowania dynamiki produkcji przeciwcia\u0142 po przebyciu COVID-19 lub po szczepieniu.<\/p>\n<h2><span style=\"color: #888888;\">Rok 2018<\/span><\/h2>\n<p><strong>Borelioza [Western blot]<\/strong><\/p>\n<p>Borelioza z Lyme jest chorob\u0105 przenoszon\u0105 przez kleszcze. Okres g\u0142\u00f3wnej aktywno\u015bci kleszczy przypada od marca do ko\u0144ca listopada. Po uk\u0105szeniu kleszcza pierwszym, charakterystycznym objawem infekcji jest zmiana sk\u00f3rna &#8211; rumie\u0144. Wczesna rozsiana posta\u0107 boreliozy wyst\u0119puje po pierwszej fazie choroby wy\u0142\u0105cznie wtedy, gdy infekcja miejscowa nie by\u0142a leczona lub pozosta\u0142a niezauwa\u017cona. Europejskie Stowarzyszenie d\/s Walki z Borelioz\u0105 zaleca dwuetapowe badania serologiczne przy diagnozowaniu boreliozy z Lyme.<\/p>\n<p>1) oznaczenie specyficznych przeciwcia\u0142 przy u\u017cyciu przesiewowego testu immunoenzymatycznego<\/p>\n<p>2) pr\u00f3bki pozytywne lub niejednoznaczne powinny zosta\u0107 dodatkowo zbadane metod\u0105 immunoblottingu (Western-Blot) w celu potwierdzenia wyniku<\/p>\n<p>&nbsp;<\/p>\n<p><strong>Panel pokarmowy (33 alergeny)<\/strong><\/p>\n<p>JAJA, RYBY: bia\u0142ko jaja kurzego, \u017c\u00f3\u0142tko jaja kurzego, krewetka, tu\u0144czyk, dorsz, krab, MLEKO: mleko krowie, mleko kozie, kazeina, ZBO\u017bA: m\u0105ka pszenna, m\u0105ka kukurydziana, ry\u017c, MI\u0118SA: wieprzowina, kurczak, wo\u0142owina, WARZYWA, OWOCE: pomidor, seler, cebula, soja, groch, gorczyca, czosnek, jab\u0142ko, kiwi, banan, awokado, brzoskwinia, ORZECHY: orzech ziemny, orzech laskowy, orzech nerkowca, migda\u0142, INNE: dro\u017cd\u017ce piekarskie, sezam, marker CCD<\/p>\n<p><strong>Panel wziewny (30 alergen\u00f3w)<\/strong><\/p>\n<p><strong><\/strong> TRAWY, DRZEWA: brzoza, leszczyna, d\u0105b, drzewo oliwne, platan, jesion, cyprys, cynodon palczasty, kup\u00f3wka pospolita, tymotka \u0142\u0105kowa, wiechlina \u0142\u0105kowa, \u017cyto, pszenica, ambrozja, bylica, babka lancetowata, parietaria, ROZTOCZA, PLE\u015aNIE: Derm. pteronyssinus, Derm. farinae, Acarus siro, Aspergillus fumigatus, Candida albicans, Alternaria alternata, Blomia tropicalis, ALERGENY ZWIERZ\u0118CE: kot, pies, ko\u0144, kr\u00f3lik, INSEKTY: karaluch, INNE: lateks, marker CCD<\/p>\n<p><strong>Panel pediatryczny \u2013 mieszany (27 alergen\u00f3w)<\/strong><\/p>\n<p><strong><\/strong> TRAWY, DRZEWA: brzoza, bylica, trawy mix, ROZTOCZA, PLE\u015aNIE: Derm. pteronyssinus, Derm. farinae, Alternaria alternata, Cladosporium herbarum, Aspergillus fumigatus, MLEKO: alfa-laktalbumina, beta-laktalbumina, mleko krowie, kazeina, albumina surowicy bydl\u0119cej (BSA), ALERGENY ZWIERZ\u0118CE: kot, pies, ko\u0144, ZBO\u017bA: m\u0105ka pszenna, ry\u017c, JAJA, RYBY: bia\u0142ko jaja kurzego, \u017c\u00f3\u0142tko jaja kurzego, dorsz, ORZECHY: orzech ziemny, orzech laskowy, INNE: ziemniak, marchew, jab\u0142ko, soja, marker CCD<\/p>\n<p>&nbsp;<\/p>\n<h2><span style=\"color: #888888;\">Rok 2017<\/span><\/h2>\n<p><strong>Biomarker Reumatoidalnego Zapalenia Staw\u00f3w (RZS)<\/strong><\/p>\n<p>Anty-CCP [przeciwcia\u0142a przeciwko cyklicznemu cytrulinowanemu peptydowi] \u2013 oznaczenie stosowane dla poprawy diagnostyki RZS, szczeg\u00f3lnie w pocz\u0105tkowym stadium choroby. Wykrycie anty-CCP we krwi mo\u017ce wyprzedza\u0107 wyst\u0105pienie objaw\u00f3w klinicznych choroby bardziej swoiste ni\u017c czynnik reumatoidalny. Oznaczenie przeciwcia\u0142 anty-CCP wykorzystywane jest w diagnostyce r\u00f3\u017cnicowej RZS i innych postaci zapalenia staw\u00f3w.<\/p>\n<p>&nbsp;<\/p>\n<p><strong>Witamina 25(OH)<\/strong>D<\/p>\n<p>Wyniki bada\u0144 epidemiologicznych wskazuj\u0105, \u017ce niedob\u00f3r witaminy D3 w Polsce dotyczy ok. 80-90% spo\u0142ecze\u0144stwa. G\u0142\u00f3wnym powodem niedoboru witaminy D3 jest niedostateczna ekspozycja na s\u0142o\u0144ce. Niedob\u00f3r witaminy D mo\u017ce przyczynia\u0107 si\u0119 do zaburze\u0144 metabolizmu ko\u015bci, chor\u00f3b autoimmunologicznych, nowotworowych, sercowo-naczyniowych czy depresji. St\u0119\u017cenie 25(OH)D jest uznawane za najlepszy parametr s\u0142u\u017c\u0105cy do oceny zaopatrzenia organizmu w witamin\u0119 D.<\/p>\n<p>&nbsp;<\/p>\n<p><strong>Wymaz na obecno\u015b\u0107 jaj owsika<\/strong><\/p>\n<p>Owsik ludzki\u00a0 jest nicieniem, kt\u00f3rego miejscem paso\u017cytowania jest jelito \u015blepe. Cykl rozwojowy owsika rozpoczyna si\u0119 wydostaniem si\u0119 samicy przez otw\u00f3r odbytowy, zwykle w godzinach wieczornych lub nocnych. Nast\u0119pnie samica sk\u0142ada jaja, kt\u00f3re mog\u0105 przetrwa\u0107 w \u015brodowisku zewn\u0119trznym do kilku tygodni. Obecno\u015b\u0107 paso\u017cyt\u00f3w w jelicie wywo\u0142uje jego stany zapalne oraz zmiany nie\u017cytowe. Typowym objawem owsicy jest sw\u0119dzenie odbytu, nadpobudliwo\u015b\u0107 ruchowa, obgryzanie paznokci.<\/p>\n<p>&nbsp;<\/p>\n<p><strong>AMH \u2013 marker oceny funkcji \u017ce\u0144skich gonad p\u0142ciowych<\/strong><\/p>\n<p>Badanie st\u0119\u017cenia AMH stanowi niezawodny, wczesny marker uszkodzenia jajnik\u00f3w i najbardziej precyzyjny parametr oceny rezerwy jajnikowej. Oznaczenie poziomu AMH ma zastosowanie w ocenie p\u0142odno\u015bci u kobiet staraj\u0105cych si\u0119 zaj\u015b\u0107 w ci\u0105\u017c\u0119, diagnostyce zespo\u0142u policystycznych jajnik\u00f3w, diagnostyce i monitorowaniu chor\u00f3b nowotworowych (tj. ziarniszczak, \u015bluzowy rak jajnika), wykryciu przedwczesnego wygasania funkcji jajnik\u00f3w \u2013 jako marker \u201estarzenia si\u0119\u201d jajnik\u00f3w.<\/p>\n<h2><\/h2>\n<h2><span style=\"color: #808080;\">Rok 2016<\/span><\/h2>\n<p><strong><span style=\"color: #3366ff;\"><a href=\"http:\/\/lablink24.wordpress.com\/2016\/07\/17\/kalprotektyna-w-kale\/\"><span style=\"color: #3366ff;\">Kalprotektyna w kale<\/span><\/a><\/span><\/strong><\/p>\n<p>Kalprotektyna jest swoistym markerem stanu zapalnego jelit. W odr\u00f3\u017cnieniu od standardowych wyk\u0142adnik\u00f3w stanu zapalnego jak: odczyn OB, czy bia\u0142ko C-reaktywne wskazuje na lokalnie tocz\u0105cy si\u0119 proces. Kalprotektyna w kale wydaje si\u0119 by\u0107 <span style=\"text-decoration: underline;\">jedynym<\/span> markerem, kt\u00f3ry pozwala r\u00f3\u017cnicowa\u0107 pomi\u0119dzy nieaktywn\u0105 a aktywn\u0105 form\u0105 choroby Le\u015bniewskiego-Crohna.<\/p>\n<p>[button size=&#8221;e.g. small, big&#8221; color=&#8221;e.g. orange, green, blue, black&#8221; link=&#8221;http:\/\/www.cenlab.com.pl\/?page_id=803&#8243; target=&#8221;&#8221;][\/button]<\/p>\n","protected":false},"excerpt":{"rendered":"<p>Rok 2020 Przeciwcia\u0142a SARS-CoV-2 [ilo\u015bciowo] Po\u00a0 zaka\u017ceniu SARS-CoV-2 organizm wytwarza swoiste przeciwcia\u0142a przeciwko antygenom wirusa. Przeciwcia\u0142a IgM oraz IgG pojawiaj\u0105 si\u0119 prawie r\u00f3wnocze\u015bnie. Przeciwcia\u0142a w klasie IgG \u015bwiadcz\u0105 o wcze\u015bniejszym przebyciu COVID-19 lub nabyciu odporno\u015bci po szczepieniu.\u00a0 Badanie wykonujemy poprzez oznaczanie specyficznych przeciwcia\u0142 przy u\u017cyciu testu immunoenzymatycznego (metoda ECLIA Roche). Oznaczenie poziomu przeciwcia\u0142\u00a0 mo\u017ce by\u0107 [&hellip;]<\/p>\n","protected":false},"author":1,"featured_media":0,"parent":0,"menu_order":0,"comment_status":"closed","ping_status":"closed","template":"","meta":{"footnotes":""},"class_list":["post-192","page","type-page","status-publish","hentry"],"_links":{"self":[{"href":"https:\/\/www.cenlab.com.pl\/index.php?rest_route=\/wp\/v2\/pages\/192"}],"collection":[{"href":"https:\/\/www.cenlab.com.pl\/index.php?rest_route=\/wp\/v2\/pages"}],"about":[{"href":"https:\/\/www.cenlab.com.pl\/index.php?rest_route=\/wp\/v2\/types\/page"}],"author":[{"embeddable":true,"href":"https:\/\/www.cenlab.com.pl\/index.php?rest_route=\/wp\/v2\/users\/1"}],"replies":[{"embeddable":true,"href":"https:\/\/www.cenlab.com.pl\/index.php?rest_route=%2Fwp%2Fv2%2Fcomments&post=192"}],"version-history":[{"count":35,"href":"https:\/\/www.cenlab.com.pl\/index.php?rest_route=\/wp\/v2\/pages\/192\/revisions"}],"predecessor-version":[{"id":1112,"href":"https:\/\/www.cenlab.com.pl\/index.php?rest_route=\/wp\/v2\/pages\/192\/revisions\/1112"}],"wp:attachment":[{"href":"https:\/\/www.cenlab.com.pl\/index.php?rest_route=%2Fwp%2Fv2%2Fmedia&parent=192"}],"curies":[{"name":"wp","href":"https:\/\/api.w.org\/{rel}","templated":true}]}}