{"id":22,"date":"2013-12-12T16:04:11","date_gmt":"2013-12-12T16:04:11","guid":{"rendered":"http:\/\/www.cenlab.com.pl\/wordpress\/?page_id=22"},"modified":"2026-05-04T09:23:17","modified_gmt":"2026-05-04T09:23:17","slug":"centralne-laboratorium-analityczne22","status":"publish","type":"page","link":"https:\/\/www.cenlab.com.pl\/","title":{"rendered":"HOME"},"content":{"rendered":"<h2><span style=\"color: #ff6600;\">Wa\u017cne komunikaty<\/span><\/h2>\n<h3><span style=\"color: #ff0000;\">Pracuj\u0105ce soboty w maju: 16.05.2026 oraz 23.05.2026<\/span><\/h3>\n<p><!--\n\n\n<h4><span style=\"color: #ff0000;\"><img loading=\"lazy\" decoding=\"async\" class=\"alignnone size-full wp-image-1476\" src=\"https:\/\/www.cenlab.com.pl\/wordpress\/wp-content\/uploads\/ZimowaPromocja_600x330_ALL.jpg\" alt=\"\" width=\"600\" height=\"338\" srcset=\"https:\/\/www.cenlab.com.pl\/wordpress\/wp-content\/uploads\/ZimowaPromocja_600x330_ALL.jpg 600w, https:\/\/www.cenlab.com.pl\/wordpress\/wp-content\/uploads\/ZimowaPromocja_600x330_ALL-300x169.jpg 300w\" sizes=\"(max-width: 600px) 100vw, 600px\" \/><\/span><\/h4>\n\n\n--><\/p>\n<h3><strong><span style=\"color: #ff6600;\">W zwi\u0105zku z zaostrzeniem procedur bezpiecze\u0144stwa w cyberprzestrzeni, w trosce o niezawodne dostarczanie naszych zaszyfrowanych emaili z wynikami bada\u0144 prosimy o skonfigurowanie program\u00f3w pocztowych w spos\u00f3b, kt\u00f3ry zabezpieczy te emaile przed przenoszeniem ich do spamu lub odrzucaniem.\u00a0 O tym jak to zrobi\u0107 znajdziecie Pa\u0144stwo w naszym<span style=\"color: #3366ff;\"><a style=\"color: #3366ff;\" href=\"https:\/\/www.cenlab.com.pl\/wordpress\/wp-content\/uploads\/Email-Whitelist.pdf\"> przewodniku<\/a><\/span>.<\/span><\/strong><\/h3>\n<p><img loading=\"lazy\" decoding=\"async\" class=\"alignnone size-full wp-image-1506\" src=\"https:\/\/www.cenlab.com.pl\/wordpress\/wp-content\/uploads\/alergia-www.jpg\" alt=\"Alergia 2026\" width=\"576\" height=\"815\" srcset=\"https:\/\/www.cenlab.com.pl\/wordpress\/wp-content\/uploads\/alergia-www.jpg 576w, https:\/\/www.cenlab.com.pl\/wordpress\/wp-content\/uploads\/alergia-www-212x300.jpg 212w\" sizes=\"(max-width: 576px) 100vw, 576px\" \/><\/p>\n<p><img loading=\"lazy\" decoding=\"async\" class=\"alignnone size-large wp-image-1434\" src=\"https:\/\/www.cenlab.com.pl\/wordpress\/wp-content\/uploads\/Cegielka4_600x1067-576x1024.jpg\" alt=\"\" width=\"576\" height=\"1024\" srcset=\"https:\/\/www.cenlab.com.pl\/wordpress\/wp-content\/uploads\/Cegielka4_600x1067-576x1024.jpg 576w, https:\/\/www.cenlab.com.pl\/wordpress\/wp-content\/uploads\/Cegielka4_600x1067-169x300.jpg 169w, https:\/\/www.cenlab.com.pl\/wordpress\/wp-content\/uploads\/Cegielka4_600x1067.jpg 600w\" sizes=\"(max-width: 576px) 100vw, 576px\" \/><\/p>\n<p><img loading=\"lazy\" decoding=\"async\" class=\"alignnone size-large wp-image-1406\" src=\"https:\/\/www.cenlab.com.pl\/wordpress\/wp-content\/uploads\/BadaniaSwiezaKrew_1536x864_2_ALL_LEYERS-576x1024.jpg\" alt=\"\" width=\"576\" height=\"1024\" srcset=\"https:\/\/www.cenlab.com.pl\/wordpress\/wp-content\/uploads\/BadaniaSwiezaKrew_1536x864_2_ALL_LEYERS-576x1024.jpg 576w, https:\/\/www.cenlab.com.pl\/wordpress\/wp-content\/uploads\/BadaniaSwiezaKrew_1536x864_2_ALL_LEYERS-169x300.jpg 169w, https:\/\/www.cenlab.com.pl\/wordpress\/wp-content\/uploads\/BadaniaSwiezaKrew_1536x864_2_ALL_LEYERS-768x1365.jpg 768w, https:\/\/www.cenlab.com.pl\/wordpress\/wp-content\/uploads\/BadaniaSwiezaKrew_1536x864_2_ALL_LEYERS.jpg 864w\" sizes=\"(max-width: 576px) 100vw, 576px\" \/><\/p>\n<h2><a title=\"Zakup us\u0142ugi LABLINK\" href=\"http:\/\/www.cenlab.com.pl\/?page_id=803\"><img loading=\"lazy\" decoding=\"async\" class=\"alignnone size-full wp-image-1109\" src=\"http:\/\/www.cenlab.com.pl\/wordpress\/wp-content\/uploads\/ChoryMi\u015b_BezNapisu_600x338_V2.jpg\" alt=\"ChoryMi\u015b_BezNapisu_600x338_V2\" width=\"600\" height=\"347\" srcset=\"https:\/\/www.cenlab.com.pl\/wordpress\/wp-content\/uploads\/ChoryMi\u015b_BezNapisu_600x338_V2.jpg 600w, https:\/\/www.cenlab.com.pl\/wordpress\/wp-content\/uploads\/ChoryMi\u015b_BezNapisu_600x338_V2-300x173.jpg 300w\" sizes=\"(max-width: 600px) 100vw, 600px\" \/><\/a><\/h2>\n<h2><strong>Laboratorium czynne jest w nast\u0119puj\u0105cych godzinach:<\/strong><\/h2>\n<ul>\n<li>\n<h4>od poniedzia\u0142ku do pi\u0105tku (za wyj\u0105tkiem dni ustawowo wolnych) :<br \/>\npobieranie i przyjmowanie materia\u0142u: 7:00 \u2013 13:00<br \/>\nwydawanie wynik\u00f3w 12:00 &#8211; 14:30<\/h4>\n<\/li>\n<li>\n<h4>sobota\u00a0 w wyznaczone poni\u017cej dni\u00a0 :<br \/>\npobieranie i przyjmowanie materia\u0142u: 8:00 \u2013 10:00<br \/>\nwydawanie wynik\u00f3w 10:00 &#8211; 12:00<\/h4>\n<\/li>\n<li>\n<h3><span style=\"color: #ff0000;\">W maju 2026 r. laboratorium b\u0119dzie czynne w nast\u0119puj\u0105ce soboty:\u00a0 16.05.2026 oraz 23.05.2026. <\/span>W kolejnych miesi\u0105cach plan pracuj\u0105cych sob\u00f3t b\u0119dzie publikowany sukcesywnie na stronie internetowej oraz w formie og\u0142oszenia na drzwiach wej\u015bciowych do laboratorium.\u00a0 Wykaz bada\u0144 wykonywanych w soboty znajduje si\u0119 <a title=\"Zakres bada\u0144 wykonywanych w soboty\" href=\"http:\/\/www.cenlab.com.pl\/?page_id=621\">tutaj<\/a>.<\/h3>\n<\/li>\n<\/ul>\n<p><a href=\"https:\/\/www.cenlab.com.pl\/wordpress\/wp-content\/uploads\/\u015aredniaOcena3.jpg\"><img loading=\"lazy\" decoding=\"async\" class=\"alignnone size-full wp-image-1375\" src=\"https:\/\/www.cenlab.com.pl\/wordpress\/wp-content\/uploads\/SredniaOcena3.jpg\" alt=\"\" width=\"600\" height=\"367\" srcset=\"https:\/\/www.cenlab.com.pl\/wordpress\/wp-content\/uploads\/SredniaOcena3.jpg 600w, https:\/\/www.cenlab.com.pl\/wordpress\/wp-content\/uploads\/SredniaOcena3-300x184.jpg 300w\" sizes=\"(max-width: 600px) 100vw, 600px\" \/><\/a><\/p>\n<p><a href=\"https:\/\/www.cenlab.com.pl\/wordpress\/wp-content\/uploads\/Cito_660x338_FB.jpg\"><img loading=\"lazy\" decoding=\"async\" class=\"alignnone size-full wp-image-1300\" src=\"https:\/\/www.cenlab.com.pl\/wordpress\/wp-content\/uploads\/Cito_660x338_FB.jpg\" alt=\"Cito_660x338_FB\" width=\"660\" height=\"440\" srcset=\"https:\/\/www.cenlab.com.pl\/wordpress\/wp-content\/uploads\/Cito_660x338_FB.jpg 660w, https:\/\/www.cenlab.com.pl\/wordpress\/wp-content\/uploads\/Cito_660x338_FB-300x200.jpg 300w\" sizes=\"(max-width: 660px) 100vw, 660px\" \/><\/a><\/p>\n<p><img loading=\"lazy\" decoding=\"async\" class=\"alignnone size-full wp-image-1377\" src=\"https:\/\/www.cenlab.com.pl\/wordpress\/wp-content\/uploads\/LDL_600x371.jpg\" alt=\"\" width=\"600\" height=\"371\" srcset=\"https:\/\/www.cenlab.com.pl\/wordpress\/wp-content\/uploads\/LDL_600x371.jpg 600w, https:\/\/www.cenlab.com.pl\/wordpress\/wp-content\/uploads\/LDL_600x371-300x186.jpg 300w\" sizes=\"(max-width: 600px) 100vw, 600px\" \/><\/p>\n<p><a href=\"https:\/\/www.cenlab.com.pl\/wordpress\/wp-content\/uploads\/TestValidation_660x338_FB_3.jpg\"><img loading=\"lazy\" decoding=\"async\" class=\"alignnone size-full wp-image-1295\" src=\"https:\/\/www.cenlab.com.pl\/wordpress\/wp-content\/uploads\/TestValidation_660x338_FB_3.jpg\" alt=\"TestValidation_660x338_FB_3\" width=\"660\" height=\"440\" srcset=\"https:\/\/www.cenlab.com.pl\/wordpress\/wp-content\/uploads\/TestValidation_660x338_FB_3.jpg 660w, https:\/\/www.cenlab.com.pl\/wordpress\/wp-content\/uploads\/TestValidation_660x338_FB_3-300x200.jpg 300w\" sizes=\"(max-width: 660px) 100vw, 660px\" \/><\/a><\/p>\n<p><img loading=\"lazy\" decoding=\"async\" class=\"alignnone size-full wp-image-1379\" src=\"https:\/\/www.cenlab.com.pl\/wordpress\/wp-content\/uploads\/BadanieMoczu_600x400_5.jpg\" alt=\"\" width=\"600\" height=\"400\" srcset=\"https:\/\/www.cenlab.com.pl\/wordpress\/wp-content\/uploads\/BadanieMoczu_600x400_5.jpg 600w, https:\/\/www.cenlab.com.pl\/wordpress\/wp-content\/uploads\/BadanieMoczu_600x400_5-300x200.jpg 300w\" sizes=\"(max-width: 600px) 100vw, 600px\" \/><\/p>\n<p><a title=\"Diagnostyka nadwra\u017cliwo\u015bci pokarmowych\" href=\"https:\/\/www.cenlab.com.pl\/?page_id=1175\"><img loading=\"lazy\" decoding=\"async\" class=\"alignnone size-full wp-image-1173\" src=\"https:\/\/www.cenlab.com.pl\/wordpress\/wp-content\/uploads\/CENLAB-2024_5-e1718552914214.jpg\" alt=\"CENLAB 2024_5\" width=\"600\" height=\"338\" \/><\/a><\/p>\n<p><a href=\"https:\/\/www.cenlab.com.pl\/wordpress\/wp-content\/uploads\/PlakatLaborMIDDLE_CzasMaZnaczenie2.jpg\"><img loading=\"lazy\" decoding=\"async\" class=\"alignnone size-full wp-image-1258\" src=\"https:\/\/www.cenlab.com.pl\/wordpress\/wp-content\/uploads\/PlakatLaborMIDDLE_CzasMaZnaczenie2.jpg\" alt=\"PlakatLaborMIDDLE_CzasMaZnaczenie\" width=\"600\" height=\"338\" srcset=\"https:\/\/www.cenlab.com.pl\/wordpress\/wp-content\/uploads\/PlakatLaborMIDDLE_CzasMaZnaczenie2.jpg 600w, https:\/\/www.cenlab.com.pl\/wordpress\/wp-content\/uploads\/PlakatLaborMIDDLE_CzasMaZnaczenie2-300x169.jpg 300w\" sizes=\"(max-width: 600px) 100vw, 600px\" \/><\/a><\/p>\n<h2><a href=\"http:\/\/www.cenlab.com.pl\/wordpress\/wp-content\/uploads\/PobranieDzieciSeniorzy_400x300.jpg\"><img loading=\"lazy\" decoding=\"async\" class=\"alignnone size-full wp-image-874\" src=\"http:\/\/www.cenlab.com.pl\/wordpress\/wp-content\/uploads\/PobranieDzieciSeniorzy_400x300_V2A.png\" alt=\"Hand,Of,A,Young,Baby,Touching,Old,Hand,Of,The\" width=\"600\" height=\"338\" \/><\/a><\/h2>\n<h2><span style=\"color: #ff0000;\"><strong>Laboratorium czynne jest w nast\u0119puj\u0105cych godzinach:<\/strong><\/span><\/h2>\n<ul>\n<li>\n<h4>od poniedzia\u0142ku do pi\u0105tku (za wyj\u0105tkiem dni ustawowo wolnych) :<br \/>\npobieranie i przyjmowanie materia\u0142u: 7:00 \u2013 13:00<br \/>\nwydawanie wynik\u00f3w 12:00 &#8211; 14:30<\/h4>\n<\/li>\n<li>\n<h4>sobota\u00a0 w wyznaczone poni\u017cej dni\u00a0 :<br \/>\npobieranie i przyjmowanie materia\u0142u: 8:00 \u2013 10:00<br \/>\nwydawanie wynik\u00f3w 10:00 &#8211; 12:00<\/h4>\n<\/li>\n<li>\n<h3><span style=\"text-decoration: underline;\"><span style=\"color: #ff0000; text-decoration: underline;\">W maju 2026 r.\u00a0 laboratorium b\u0119dzie czynne w nast\u0119puj\u0105ce soboty:\u00a0 16.05.2026 oraz 23.05.2026. <\/span><\/span>W kolejnych miesi\u0105cach plan pracuj\u0105cych sob\u00f3t b\u0119dzie publikowany sukcesywnie na stronie internetowej oraz w formie og\u0142oszenia na drzwiach wej\u015bciowych do laboratorium.\u00a0 Wykaz bada\u0144 wykonywanych w soboty znajduje si\u0119<span style=\"color: #0000ff;\"> <a title=\"Zakres bada\u0144 wykonywanych w soboty\" href=\"http:\/\/www.cenlab.com.pl\/?page_id=621\"><span style=\"color: #0000ff;\">tutaj<\/span><\/a><\/span>.<\/h3>\n<\/li>\n<li>\n<h4><span style=\"text-decoration: underline;\">Badanie w kierunku HIV<\/span> wykonuje si\u0119 wy\u0142\u0105cznie na podstawie skierowania od lekarza<\/h4>\n<\/li>\n<li>\n<h4><span style=\"text-decoration: underline;\">Badanie nasienia<\/span>\u00a0 &#8211; termin wykonania badania prosz\u0119 uzgodni\u0107 telefonicznie\u00a0 32-231 24 88 lub\u00a0 798\u00a0312\u00a0486.\u00a0 <span style=\"color: #ff0000;\">Badania wykonujemy codziennie<\/span>. Szczeg\u00f3\u0142owe informacje dotycz\u0105ce badania nasienia znajduj\u0105 si\u0119 <span style=\"color: #0000ff;\"><a title=\"Przygotowanie pacjenta \u2013 spermiogram\" href=\"http:\/\/www.cenlab.com.pl\/?page_id=285\"><span style=\"color: #0000ff;\">tuta<\/span><\/a><span style=\"color: #0000ff;\">j<\/span><\/span><\/h4>\n<\/li>\n<\/ul>\n<p><iframe loading=\"lazy\" src=\"https:\/\/maps.google.com\/maps?ie=UTF8&amp;cid=5204044468644621293&amp;q=Centralne+Laboratorium+Analityczne+w+Gliwicach&amp;hl=pl&amp;hq=Centralne+Laboratorium+Analityczne+w+Gliwicach&amp;hnear=&amp;t=m&amp;ll=50.291313,18.659077&amp;spn=0.00658,0.013733&amp;z=16&amp;iwloc=A&amp;output=embed\" width=\"640\" height=\"480\" frameborder=\"0\" marginwidth=\"0\" marginheight=\"0\" scrolling=\"no\"><\/iframe><br \/>\n<small><a style=\"color: #0000ff; text-align: left;\" href=\"https:\/\/maps.google.com\/maps?ie=UTF8&amp;cid=5204044468644621293&amp;q=Centralne+Laboratorium+Analityczne+w+Gliwicach&amp;hl=pl&amp;hq=Centralne+Laboratorium+Analityczne+w+Gliwicach&amp;hnear=&amp;t=m&amp;ll=50.291313,18.659077&amp;spn=0.00658,0.013733&amp;z=16&amp;iwloc=A&amp;source=embed\">Wy\u015bwietl wi\u0119ksz\u0105 map\u0119<\/a><\/small><\/p>\n<div><\/div>\n","protected":false},"excerpt":{"rendered":"<p>Wa\u017cne komunikaty Pracuj\u0105ce soboty w maju: 16.05.2026 oraz 23.05.2026 W zwi\u0105zku z zaostrzeniem procedur bezpiecze\u0144stwa w cyberprzestrzeni, w trosce o niezawodne dostarczanie naszych zaszyfrowanych emaili z wynikami bada\u0144 prosimy o skonfigurowanie program\u00f3w pocztowych w spos\u00f3b, kt\u00f3ry zabezpieczy te emaile przed przenoszeniem ich do spamu lub odrzucaniem.\u00a0 O tym jak to zrobi\u0107 znajdziecie Pa\u0144stwo w naszym [&hellip;]<\/p>\n","protected":false},"author":1,"featured_media":0,"parent":0,"menu_order":0,"comment_status":"closed","ping_status":"closed","template":"","meta":{"footnotes":""},"class_list":["post-22","page","type-page","status-publish","hentry"],"_links":{"self":[{"href":"https:\/\/www.cenlab.com.pl\/index.php?rest_route=\/wp\/v2\/pages\/22"}],"collection":[{"href":"https:\/\/www.cenlab.com.pl\/index.php?rest_route=\/wp\/v2\/pages"}],"about":[{"href":"https:\/\/www.cenlab.com.pl\/index.php?rest_route=\/wp\/v2\/types\/page"}],"author":[{"embeddable":true,"href":"https:\/\/www.cenlab.com.pl\/index.php?rest_route=\/wp\/v2\/users\/1"}],"replies":[{"embeddable":true,"href":"https:\/\/www.cenlab.com.pl\/index.php?rest_route=%2Fwp%2Fv2%2Fcomments&post=22"}],"version-history":[{"count":416,"href":"https:\/\/www.cenlab.com.pl\/index.php?rest_route=\/wp\/v2\/pages\/22\/revisions"}],"predecessor-version":[{"id":1517,"href":"https:\/\/www.cenlab.com.pl\/index.php?rest_route=\/wp\/v2\/pages\/22\/revisions\/1517"}],"wp:attachment":[{"href":"https:\/\/www.cenlab.com.pl\/index.php?rest_route=%2Fwp%2Fv2%2Fmedia&parent=22"}],"curies":[{"name":"wp","href":"https:\/\/api.w.org\/{rel}","templated":true}]}}