{"id":252,"date":"2018-04-19T10:26:30","date_gmt":"2018-04-19T10:26:30","guid":{"rendered":"http:\/\/www.cenlab.com.pl\/?page_id=252"},"modified":"2024-09-17T08:26:13","modified_gmt":"2024-09-17T08:26:13","slug":"przygotowanie-pacjenta-badanie-ogolne-moczu","status":"publish","type":"page","link":"https:\/\/www.cenlab.com.pl\/?page_id=252","title":{"rendered":"Przygotowanie pacjenta &#8211; badanie og\u00f3lne moczu"},"content":{"rendered":"<p>Przygotowa\u0107 jednorazowy pojemnik z nakr\u0119tk\u0105, o pojemno\u015bci 50\u2013100 ml (dost\u0119pne w aptece).<\/p>\n<p>Nie pobiera\u0107 moczu po znacznym i d\u0142ugotrwa\u0142ym wysi\u0142ku fizycznym oraz podczas, i w ci\u0105gu 3 dni po zako\u0144czeniu miesi\u0105czki.<\/p>\n<p>Zaleca si\u0119 zachowanie wstrzemi\u0119\u017aliwo\u015bci seksualnej przynajmniej 3 dni przed badaniem.<\/p>\n<p>O ile to mo\u017cliwe badanie moczu nale\u017cy wykona\u0107 przed leczeniem lub po ewentualnym odstawieniu lek\u00f3w mog\u0105cych wp\u0142ywa\u0107 na poziom mierzonego sk\u0142adnika, je\u017celi nie zaburza to procesu leczenia \u2013 po konsultacji z lekarzem.<\/p>\n<p>Przed badaniem zachowa\u0107 dotychczasow\u0105 diet\u0119, nie zaleca si\u0119 skrajnego ograniczania ani zwi\u0119kszonego przyjmowania p\u0142yn\u00f3w .<\/p>\n<p>Mocz pobra\u0107 po wypoczynku nocnym, trwaj\u0105cym nie kr\u00f3cej ni\u017c 8 godzin, w tym przynajmniej 4-godzinnym gromadzeniu moczu w p\u0119cherzu.<\/p>\n<p>Mocz pobra\u0107 rano na czczo, czyli ostatnim posi\u0142kiem powinna by\u0107 lekka kolacja w godz. 18:00\u201319:00 w dniu poprzedzaj\u0105cym badanie.<\/p>\n<p><b><span style=\"text-decoration: underline;\">Pobranie pr\u00f3bki moczu<\/span><\/b><\/p>\n<p><b>Nale\u017cy pobra\u0107 pierwsz\u0105, porann\u0105 pr\u00f3bk\u0119 moczu.<\/b><\/p>\n<p>Po umyciu zewn\u0119trznych narz\u0105d\u00f3w moczowo-p\u0142ciowych przy u\u017cyciu czystej wody (nie stosowa\u0107\u00a0 \u015brodk\u00f3w odka\u017caj\u0105cych ani myd\u0142a)<\/p>\n<p>do pojemnika <b>pobra\u0107 mocz ze \u015brodkowego strumienia: <\/b>pierwsz\u0105 porcj\u0119 moczu odda\u0107 do toalety, nast\u0119pnie oko\u0142o 50\u2013100 ml moczu odda\u0107 do przygotowanego pojemnika, ko\u0144cow\u0105 porcj\u0119 moczu odda\u0107 do toalety.<\/p>\n<p>Pojemnik zakr\u0119ci\u0107, opisa\u0107: <span style=\"text-decoration: underline;\">imi\u0119, nazwisko, data i godzina pobrania.<\/span><\/p>\n<p>Mocz dostarczy\u0107 do laboratorium tak szybko, jak to mo\u017cliwe (do chwili dostarczenia przechowywa\u0107 w ch\u0142odnym, zacienionym miejscu, najlepiej w temp. lod\u00f3wki 2-8<sup>0 <\/sup>C).<\/p>\n","protected":false},"excerpt":{"rendered":"<p>Przygotowa\u0107 jednorazowy pojemnik z nakr\u0119tk\u0105, o pojemno\u015bci 50\u2013100 ml (dost\u0119pne w aptece). Nie pobiera\u0107 moczu po znacznym i d\u0142ugotrwa\u0142ym wysi\u0142ku fizycznym oraz podczas, i w ci\u0105gu 3 dni po zako\u0144czeniu miesi\u0105czki. Zaleca si\u0119 zachowanie wstrzemi\u0119\u017aliwo\u015bci seksualnej przynajmniej 3 dni przed badaniem. O ile to mo\u017cliwe badanie moczu nale\u017cy wykona\u0107 przed leczeniem lub po ewentualnym odstawieniu [&hellip;]<\/p>\n","protected":false},"author":1,"featured_media":0,"parent":0,"menu_order":0,"comment_status":"closed","ping_status":"closed","template":"","meta":{"footnotes":""},"class_list":["post-252","page","type-page","status-publish","hentry"],"_links":{"self":[{"href":"https:\/\/www.cenlab.com.pl\/index.php?rest_route=\/wp\/v2\/pages\/252"}],"collection":[{"href":"https:\/\/www.cenlab.com.pl\/index.php?rest_route=\/wp\/v2\/pages"}],"about":[{"href":"https:\/\/www.cenlab.com.pl\/index.php?rest_route=\/wp\/v2\/types\/page"}],"author":[{"embeddable":true,"href":"https:\/\/www.cenlab.com.pl\/index.php?rest_route=\/wp\/v2\/users\/1"}],"replies":[{"embeddable":true,"href":"https:\/\/www.cenlab.com.pl\/index.php?rest_route=%2Fwp%2Fv2%2Fcomments&post=252"}],"version-history":[{"count":7,"href":"https:\/\/www.cenlab.com.pl\/index.php?rest_route=\/wp\/v2\/pages\/252\/revisions"}],"predecessor-version":[{"id":1239,"href":"https:\/\/www.cenlab.com.pl\/index.php?rest_route=\/wp\/v2\/pages\/252\/revisions\/1239"}],"wp:attachment":[{"href":"https:\/\/www.cenlab.com.pl\/index.php?rest_route=%2Fwp%2Fv2%2Fmedia&parent=252"}],"curies":[{"name":"wp","href":"https:\/\/api.w.org\/{rel}","templated":true}]}}