{"id":276,"date":"2018-04-19T11:09:11","date_gmt":"2018-04-19T11:09:11","guid":{"rendered":"http:\/\/www.cenlab.com.pl\/?page_id=276"},"modified":"2018-04-19T11:09:40","modified_gmt":"2018-04-19T11:09:40","slug":"przygotowanie-pacjenta-krew-utajona-w-kale","status":"publish","type":"page","link":"https:\/\/www.cenlab.com.pl\/?page_id=276","title":{"rendered":"Przygotowanie pacjenta &#8211; krew utajona w kale"},"content":{"rendered":"<p>Przygotowa\u0107 czysty, jednorazowy pojemnik do pobierania ka\u0142u (dost\u0119pne w aptece).<\/p>\n<p>Nie pobiera\u0107 pr\u00f3bek ka\u0142u podczas, i w ci\u0105gu 3 dni po zako\u0144czeniu miesi\u0105czki oraz w przypadku krwawienia z hemoroid\u00f3w.<\/p>\n<p>Alkohol oraz d\u0142ugotrwa\u0142e przyjmowanie aspiryny i innych niesteroidowych lek\u00f3w przeciwzapalnych mog\u0105 powodowa\u0107 podra\u017cnienia, prowadz\u0105ce do utajonego krwawienia. Substancje takie powinny by\u0107 odstawione na minimum 48 godzin przed pobraniem pr\u00f3bki ka\u0142u.<\/p>\n<p>Nie jest wymagane stosowanie specjalnej diety.<\/p>\n<p>&nbsp;<\/p>\n<p><b><span style=\"text-decoration: underline;\">Pobranie pr\u00f3bki ka\u0142u<\/span><\/b><\/p>\n<p><b><span style=\"text-decoration: underline;\">\u00a0<\/span><\/b>Pr\u00f3bk\u0119 ka\u0142u <b>pobra\u0107 z dw\u00f3ch r\u00f3\u017cnych miejsc stolca<\/b> oddanego w spos\u00f3b naturalny, <b>nie nape\u0142nia\u0107 pojemnika do pe\u0142na<\/b>.<\/p>\n<p>Pojemnik zamkn\u0105\u0107 i opisa\u0107: <span style=\"text-decoration: underline;\">imi\u0119, nazwisko, data pobrania.<\/span><\/p>\n<p>Materia\u0142 nale\u017cy dostarczy\u0107 do laboratorium do 6 godzin od pobrania (do chwili dostarczenia przechowywa\u0107 w ch\u0142odnym, zacienionym miejscu, najlepiej w temp. lod\u00f3wki 2-8<sup>0 <\/sup>C).<\/p>\n<p><b>Test wykona\u0107 3\u2013krotnie w odst\u0119pach kilkudniowych<\/b><\/p>\n","protected":false},"excerpt":{"rendered":"<p>Przygotowa\u0107 czysty, jednorazowy pojemnik do pobierania ka\u0142u (dost\u0119pne w aptece). Nie pobiera\u0107 pr\u00f3bek ka\u0142u podczas, i w ci\u0105gu 3 dni po zako\u0144czeniu miesi\u0105czki oraz w przypadku krwawienia z hemoroid\u00f3w. Alkohol oraz d\u0142ugotrwa\u0142e przyjmowanie aspiryny i innych niesteroidowych lek\u00f3w przeciwzapalnych mog\u0105 powodowa\u0107 podra\u017cnienia, prowadz\u0105ce do utajonego krwawienia. Substancje takie powinny by\u0107 odstawione na minimum 48 godzin [&hellip;]<\/p>\n","protected":false},"author":1,"featured_media":0,"parent":0,"menu_order":0,"comment_status":"closed","ping_status":"closed","template":"","meta":{"footnotes":""},"class_list":["post-276","page","type-page","status-publish","hentry"],"_links":{"self":[{"href":"https:\/\/www.cenlab.com.pl\/index.php?rest_route=\/wp\/v2\/pages\/276"}],"collection":[{"href":"https:\/\/www.cenlab.com.pl\/index.php?rest_route=\/wp\/v2\/pages"}],"about":[{"href":"https:\/\/www.cenlab.com.pl\/index.php?rest_route=\/wp\/v2\/types\/page"}],"author":[{"embeddable":true,"href":"https:\/\/www.cenlab.com.pl\/index.php?rest_route=\/wp\/v2\/users\/1"}],"replies":[{"embeddable":true,"href":"https:\/\/www.cenlab.com.pl\/index.php?rest_route=%2Fwp%2Fv2%2Fcomments&post=276"}],"version-history":[{"count":1,"href":"https:\/\/www.cenlab.com.pl\/index.php?rest_route=\/wp\/v2\/pages\/276\/revisions"}],"predecessor-version":[{"id":277,"href":"https:\/\/www.cenlab.com.pl\/index.php?rest_route=\/wp\/v2\/pages\/276\/revisions\/277"}],"wp:attachment":[{"href":"https:\/\/www.cenlab.com.pl\/index.php?rest_route=%2Fwp%2Fv2%2Fmedia&parent=276"}],"curies":[{"name":"wp","href":"https:\/\/api.w.org\/{rel}","templated":true}]}}