{"id":279,"date":"2018-04-19T11:13:30","date_gmt":"2018-04-19T11:13:30","guid":{"rendered":"http:\/\/www.cenlab.com.pl\/?page_id=279"},"modified":"2022-02-01T18:50:08","modified_gmt":"2022-02-01T18:50:08","slug":"przygotowanie-pacjenta-lipidy","status":"publish","type":"page","link":"https:\/\/www.cenlab.com.pl\/?page_id=279","title":{"rendered":"Przygotowanie pacjenta &#8211; lipidy"},"content":{"rendered":"<h4>Przygotowanie do badania\u00a0 PROFIL LIPIDOWY (cholesterol ca\u0142kowity, HDL, nie-HDL,\u00a0 LDL, tr\u00f3jglicerydy)<\/h4>\n<ul>\n<li>badanie profilu lipidowego powinno by\u0107 dokonywane w warunkach codziennej aktywno\u015bci i od\u017cywiania si\u0119<\/li>\n<li>pr\u00f3bek krwi do rutynowego wykonania tych bada\u0144 nie trzeba pobiera\u0107 na czczo<\/li>\n<li>rozwa\u017cenie powt\u00f3rzenia badania profilu lipidowego na czczo zaleca si\u0119 przy st\u0119\u017ceniu tr\u00f3jgliceryd\u00f3w nie na czczo 440 mg\/dl<\/li>\n<li>opr\u00f3cz uwarunkowa\u0144 genetycznych, zmienno\u015b\u0107 st\u0119\u017cenia cholesterolu i tr\u00f3jgliceryd\u00f3w powoduj\u0105: aktywno\u015b\u0107 fizyczna, dieta w tym zawarto\u015b\u0107 w\u0119glowodan\u00f3w i alkoholu oraz palenie tytoniu<\/li>\n<\/ul>\n","protected":false},"excerpt":{"rendered":"<p>Przygotowanie do badania\u00a0 PROFIL LIPIDOWY (cholesterol ca\u0142kowity, HDL, nie-HDL,\u00a0 LDL, tr\u00f3jglicerydy) badanie profilu lipidowego powinno by\u0107 dokonywane w warunkach codziennej aktywno\u015bci i od\u017cywiania si\u0119 pr\u00f3bek krwi do rutynowego wykonania tych bada\u0144 nie trzeba pobiera\u0107 na czczo rozwa\u017cenie powt\u00f3rzenia badania profilu lipidowego na czczo zaleca si\u0119 przy st\u0119\u017ceniu tr\u00f3jgliceryd\u00f3w nie na czczo 440 mg\/dl opr\u00f3cz uwarunkowa\u0144 [&hellip;]<\/p>\n","protected":false},"author":1,"featured_media":0,"parent":0,"menu_order":0,"comment_status":"closed","ping_status":"closed","template":"","meta":{"footnotes":""},"class_list":["post-279","page","type-page","status-publish","hentry"],"_links":{"self":[{"href":"https:\/\/www.cenlab.com.pl\/index.php?rest_route=\/wp\/v2\/pages\/279"}],"collection":[{"href":"https:\/\/www.cenlab.com.pl\/index.php?rest_route=\/wp\/v2\/pages"}],"about":[{"href":"https:\/\/www.cenlab.com.pl\/index.php?rest_route=\/wp\/v2\/types\/page"}],"author":[{"embeddable":true,"href":"https:\/\/www.cenlab.com.pl\/index.php?rest_route=\/wp\/v2\/users\/1"}],"replies":[{"embeddable":true,"href":"https:\/\/www.cenlab.com.pl\/index.php?rest_route=%2Fwp%2Fv2%2Fcomments&post=279"}],"version-history":[{"count":3,"href":"https:\/\/www.cenlab.com.pl\/index.php?rest_route=\/wp\/v2\/pages\/279\/revisions"}],"predecessor-version":[{"id":708,"href":"https:\/\/www.cenlab.com.pl\/index.php?rest_route=\/wp\/v2\/pages\/279\/revisions\/708"}],"wp:attachment":[{"href":"https:\/\/www.cenlab.com.pl\/index.php?rest_route=%2Fwp%2Fv2%2Fmedia&parent=279"}],"curies":[{"name":"wp","href":"https:\/\/api.w.org\/{rel}","templated":true}]}}