{"id":282,"date":"2018-04-19T11:33:40","date_gmt":"2018-04-19T11:33:40","guid":{"rendered":"http:\/\/www.cenlab.com.pl\/?page_id=282"},"modified":"2018-04-19T11:34:02","modified_gmt":"2018-04-19T11:34:02","slug":"przygotowanie-pacjenta-psa","status":"publish","type":"page","link":"https:\/\/www.cenlab.com.pl\/?page_id=282","title":{"rendered":"Przygotowanie pacjenta &#8211; PSA"},"content":{"rendered":"<p>Na badanie nale\u017cy zg\u0142osi\u0107 si\u0119 przed wykonaniem jakiegokolwiek zabiegu na gruczole krokowym lub<\/p>\n<p><b>\u2013<\/b> co najmniej tydzie\u0144 po badaniu przezodbytniczym<\/p>\n<p><b>\u2013<\/b> co najmniej miesi\u0105c po biopsji gruczo\u0142u krokowego<\/p>\n<p>Przez 2 dni przed badaniem: zachowa\u0107 wstrzemi\u0119\u017aliwo\u015b\u0107 seksualn\u0105, unika\u0107 intensywnego wysi\u0142ku fizycznego i d\u0142ugotrwa\u0142ej jazdy na rowerze.<\/p>\n","protected":false},"excerpt":{"rendered":"<p>Na badanie nale\u017cy zg\u0142osi\u0107 si\u0119 przed wykonaniem jakiegokolwiek zabiegu na gruczole krokowym lub \u2013 co najmniej tydzie\u0144 po badaniu przezodbytniczym \u2013 co najmniej miesi\u0105c po biopsji gruczo\u0142u krokowego Przez 2 dni przed badaniem: zachowa\u0107 wstrzemi\u0119\u017aliwo\u015b\u0107 seksualn\u0105, unika\u0107 intensywnego wysi\u0142ku fizycznego i d\u0142ugotrwa\u0142ej jazdy na rowerze.<\/p>\n","protected":false},"author":1,"featured_media":0,"parent":0,"menu_order":0,"comment_status":"closed","ping_status":"closed","template":"","meta":{"footnotes":""},"class_list":["post-282","page","type-page","status-publish","hentry"],"_links":{"self":[{"href":"https:\/\/www.cenlab.com.pl\/index.php?rest_route=\/wp\/v2\/pages\/282"}],"collection":[{"href":"https:\/\/www.cenlab.com.pl\/index.php?rest_route=\/wp\/v2\/pages"}],"about":[{"href":"https:\/\/www.cenlab.com.pl\/index.php?rest_route=\/wp\/v2\/types\/page"}],"author":[{"embeddable":true,"href":"https:\/\/www.cenlab.com.pl\/index.php?rest_route=\/wp\/v2\/users\/1"}],"replies":[{"embeddable":true,"href":"https:\/\/www.cenlab.com.pl\/index.php?rest_route=%2Fwp%2Fv2%2Fcomments&post=282"}],"version-history":[{"count":1,"href":"https:\/\/www.cenlab.com.pl\/index.php?rest_route=\/wp\/v2\/pages\/282\/revisions"}],"predecessor-version":[{"id":283,"href":"https:\/\/www.cenlab.com.pl\/index.php?rest_route=\/wp\/v2\/pages\/282\/revisions\/283"}],"wp:attachment":[{"href":"https:\/\/www.cenlab.com.pl\/index.php?rest_route=%2Fwp%2Fv2%2Fmedia&parent=282"}],"curies":[{"name":"wp","href":"https:\/\/api.w.org\/{rel}","templated":true}]}}