{"id":328,"date":"2018-05-23T11:19:37","date_gmt":"2018-05-23T11:19:37","guid":{"rendered":"http:\/\/www.cenlab.com.pl\/?page_id=328"},"modified":"2026-04-02T10:42:07","modified_gmt":"2026-04-02T10:42:07","slug":"oferta","status":"publish","type":"page","link":"https:\/\/www.cenlab.com.pl\/?page_id=328","title":{"rendered":"Oferta"},"content":{"rendered":"<h1><span style=\"color: #888888;\">Oferta bada\u0144 laboratoryjnych obowi\u0105zuj\u0105ca od 25.03.2026 r.<\/span><\/h1>\n<p>Oferta laboratorium obejmuje <strong>pe\u0142ny zakres bada\u0144 analitycznych<\/strong>. Oferujemy profesjonaln\u0105 obs\u0142ug\u0119, <strong>kr\u00f3tkie terminy oczekiwania na wyniki <\/strong>oraz <strong>przyst\u0119pne ceny<\/strong> wykonywanych bada\u0144. Posiadamy<strong> du\u017ce do\u015bwiadczenie w pobieraniu krwi u dzieci (r\u00f3wnie\u017c u <strong>noworodk\u00f3w<\/strong> i niemowl\u0105t) oraz u os\u00f3b wra\u017cliwych<\/strong>. Zdecydowana wi\u0119kszo\u015b\u0107 bada\u0144 wykonywana jest na miejscu, jedynie niekt\u00f3re wysokospecjalistyczne analizy zlecane s\u0105 na zewn\u0105trz. Wysoki poziom wykonywanych u nas bada\u0144 potwierdzaj\u0105 corocznie przyznawane certyfikaty jako\u015bci.<\/p>\n<p><span style=\"color: #003366;\">Poni\u017csza lista zawiera wykaz bada\u0144 laboratoryjnych<strong> wykonywanych na miejscu<\/strong> w naszym laboratorium. W sprawie bada\u0144, kt\u00f3re\u00a0 nie znalaz\u0142y si\u0119 na poni\u017cszej li\u015bcie prosimy o kontakt telefoniczny lub za po\u015brednictwem poczty elektronicznej (email).<\/span><\/p>\n<p><strong><span style=\"color: #003366;\">Informujemy, \u017ce za udost\u0119pnienie dokumentacji medycznej nie pobieramy \u017cadnej op\u0142aty.<\/span><\/strong><\/p>\n<p><strong><span style=\"color: #333333;\">HEMATOLOGIA<\/span><\/strong><br \/>\nOB<br \/>\nMorfologia<br \/>\nRozmaz<br \/>\nRozmaz mikroskopowy<br \/>\nP\u0142ytki krwi w komorze<br \/>\nP\u0142ytki krwi na cytrynian sodu<br \/>\nRetikulocyty<br \/>\nMononukleoza \u2013 test<\/p>\n<p><strong><span style=\"color: #333333;\">KOAGULOLOGIA<\/span><\/strong><br \/>\naPTT (czas cz\u0119\u015bciowej tromboplastyny po aktywacji)<br \/>\nPT + INR (czas protrombinowy)<br \/>\nD-dimery<\/p>\n<p><strong><span style=\"color: #333333;\">BIOCHEMIA<\/span><\/strong><br \/>\nASPAT (aminotransferaza asparaginianowa)<br \/>\nALAT (aminotransferaza alaninowa)<br \/>\nALP (fosfataza zasadowa)<br \/>\nGGTP (gamma-glutamylotransferaza)<br \/>\nLDH (dehydrogenaza mleczanowa)<br \/>\n\u03b1-amylaza [surowica\/mocz]<br \/>\nLipaza<br \/>\nCK (kinaza kreatynowa ca\u0142kowita)<br \/>\nBilirubina ca\u0142kowita<br \/>\nBia\u0142ko ca\u0142kowite [surowica, mocz, DZM]<br \/>\nKwas moczowy<br \/>\nMocznik<br \/>\nKreatynina + eGFR [estymacja GFR w oparciu o wz\u00f3r MDRD]<br \/>\nGlukoza [surowica, mocz, DZM]<br \/>\nHbA1c (hemoglobina glikowana)<br \/>\nDoustny test tolerancji glukozy [2 pkt]\u00a0 &#8211;<span style=\"text-decoration: underline;\"><strong><span style=\"color: #ff0000; text-decoration: underline;\"> ze skierowaniem od lekarza (test nale\u017cy rozpocz\u0105\u0107 do godz. 9:30)<\/span><\/strong><\/span><br \/>\nDoustny test tolerancji glukozy [3 pkt] &#8211; <span style=\"text-decoration: underline;\"><span style=\"color: #ff0000;\"><strong>ze skierowaniem od lekarza (test nale\u017cy rozpocz\u0105\u0107 do godz. 9:30)<\/strong><\/span><\/span><br \/>\nCholesterol<br \/>\nCholesterol HDL<br \/>\nCholesterol nie-HDL (wy\u0142\u0105cznie w profilu lipidowym)<br \/>\nCholesterol LDL<br \/>\nTr\u00f3jglicerydy<br \/>\nElektrolity (s\u00f3d, potas, wap\u0144 zjonizowany)<br \/>\nFosforany nieorganiczne<br \/>\nMagnez<br \/>\n\u017belazo<br \/>\n\u017belazo \u2013 test wch\u0142aniania &#8211; <span style=\"text-decoration: underline;\"><strong><span style=\"color: #ff0000; text-decoration: underline;\">test nale\u017cy rozpocz\u0105\u0107 o godzinie 7:00<\/span><\/strong><\/span><br \/>\nWap\u0144 ca\u0142kowity<br \/>\nCRP (bia\u0142ko C-reaktywne)<br \/>\nAlbumina<br \/>\nASO (odczyn antystreptolizynowy)<br \/>\nRF (czynnik reumatoidalny)<br \/>\nOdczyn Waalera-Rosego<\/p>\n<p><strong><span style=\"color: #333333;\">IMMUNOCHEMIA<\/span><\/strong><br \/>\nCEA (antygen karcynoembrionalny)<br \/>\nCA 19.9 (antygen nowotworowy)<br \/>\nCA 125 (antygen nowotworowy)<br \/>\nPSA total (specyficzny antygen prostaty)<br \/>\nPSA free\/total (wska\u017anik wolny\/ca\u0142kowity specyficzny antygen prostaty)<br \/>\nHE4 (bia\u0142ko kom\u00f3rek nab\u0142onkowych naj\u0105drza 4)<br \/>\nROMA test<br \/>\nAMH (anty-M\u0171llerian hormon)<br \/>\n\u03b2-hCG (gonadotropina kosm\u00f3wkowa beta)<br \/>\nAnty \u2013 Tg (p\/cia\u0142a przeciw tyreoglobulinie)<br \/>\nAnty \u2013 TPO (p\/cia\u0142a przeciw peroksydazie tarczycowej)<br \/>\nTSH (hormon tyreotropowy)<br \/>\nfT3 (wolna trijodotyronina)<br \/>\nfT4 (wolna tyroksyna)<br \/>\nFSH (hormon folikulotropowy)<br \/>\nLH (hormon luteinizuj\u0105cy)<br \/>\nProlaktyna<br \/>\nProlaktyna \u2013 test obci\u0105\u017cenia [2 pkt]<br \/>\nProlaktyna \u2013 test obci\u0105\u017cenia [3 pkt]<br \/>\nProgesteron<br \/>\nEstradiol<br \/>\nTestosteron<br \/>\nWska\u017anik testosteron\/kortyzol<br \/>\nKortyzol<br \/>\nInsulina<br \/>\nKrzywa insulinowa [3 pkt] &#8211;<span style=\"text-decoration: underline;\"> <strong><span style=\"color: #ff0000; text-decoration: underline;\">ze skierowaniem od lekarza (test nale\u017cy rozpocz\u0105\u0107 do godz. 9:30)<\/span><\/strong><\/span><br \/>\nHOMA-IR (wska\u017anik insulinooporno\u015bci)<br \/>\nParathormon (1-84)<br \/>\nAntygen HBs<br \/>\np\/cia\u0142a anty HBs<br \/>\np\/cia\u0142a anty-HCV [3-gen]<br \/>\nHelicobacter pylori p\/cia\u0142a klasy IgG<br \/>\nCytomegalowirus &#8211; p\/cia\u0142a klasy IgM<br \/>\nCytomegalowirus &#8211; p\/cia\u0142a klasy IgG<br \/>\nToxoplasma- p\/cia\u0142a klasy IgM<br \/>\nToxoplasma- p\/cia\u0142a klasy IgG<br \/>\nR\u00f3\u017cyczka &#8211; p\/cia\u0142a klasy IgG<br \/>\nBorelioza &#8211; p\/cia\u0142a klasy IgM<br \/>\nBorelioza &#8211; p\/cia\u0142a klasy IgG<br \/>\nBorelioza &#8211; p\/cia\u0142a klasy IgM (WESTERN BLOT)<br \/>\nBorelioza &#8211; p\/cia\u0142a klasy IgG (WESTERN BLOT)<br \/>\nAnty-CCP (p\/cia\u0142a przeciw cyklicznemu cytrulinowanemu peptydowi)<br \/>\nFerrytyna<br \/>\nKwas foliowy<br \/>\nWitamina B12<br \/>\nWitamina 25(OH)D3<br \/>\nIgE \u2013 ca\u0142kowite<br \/>\nHIV \u2013 test przesiewowy IV generacji &#8211; <strong><span style=\"text-decoration: underline; color: #ff0000;\">wy\u0142\u0105cznie ze skierowaniem od lekarza<\/span><\/strong><br \/>\nANA \u2013 p\/cia\u0142a przeciwj\u0105drowe met. IF<\/p>\n<p>Panel pokarmowy (33 alergeny):\u00a0 JAJA, RYBY: bia\u0142ko jaja kurzego, \u017c\u00f3\u0142tko jaja kurzego, krewetka, tu\u0144czyk, dorsz, krab, MLEKO: mleko krowie, mleko kozie, kazeina, ZBO\u017bA: m\u0105ka pszenna, m\u0105ka kukurydziana, ry\u017c, MI\u0118SA: wieprzowina, kurczak, wo\u0142owina, WARZYWA, OWOCE: pomidor, seler, cebula, soja, groch, gorczyca, czosnek, jab\u0142ko, kiwi, banan, awokado, brzoskwinia, ORZECHY: orzech ziemny, orzech laskowy, orzech nerkowca, migda\u0142, INNE: dro\u017cd\u017ce piekarskie, sezam, marker CCD<\/p>\n<p>Panel pokarmowy (20 alergen\u00f3w): JAJA, RYBY:\u00a0 bia\u0142ko jaja kurzego, \u017c\u00f3\u0142tko jaja kurzego, dorsz, krab, MLEKO:\u00a0 mleko krowie, ZBO\u017bA:\u00a0 m\u0105ka pszenna, m\u0105ka \u017cytnia, ry\u017c, WARZYWA, OWOCE:\u00a0 pomidor, marchew, ziemniak, seler, soja, jab\u0142ko, kiwi, morela, ORZECHY:\u00a0 orzech ziemny, orzech laskowy, migda\u0142, INNE:\u00a0 dro\u017cd\u017ce piekarskie, marker CCD <span style=\"color: #ff0000;\"><strong><em>(nowo\u015b\u0107)<\/em><\/strong><\/span><\/p>\n<p>Panel wziewny (30 alergen\u00f3w): TRAWY, DRZEWA: brzoza, leszczyna, d\u0105b, drzewo oliwne, platan, jesion, cyprys, cynodon palczasty, kup\u00f3wka pospolita, tymotka \u0142\u0105kowa, wiechlina \u0142\u0105kowa, \u017cyto, pszenica, ambrozja, bylica, babka lancetowata, parietaria, ROZTOCZA, PLE\u015aNIE: Derm. pteronyssinus, Derm. farinae, Acarus siro, Aspergillus fumigatus, Candida albicans, Alternaria alternata, Blomia tropicalis, ALERGENY ZWIERZ\u0118CE: kot, pies, ko\u0144, kr\u00f3lik, INSEKTY: karaluch, INNE: lateks, marker CCD<\/p>\n<p>Panel wziewny (20 alergen\u00f3w): TRAWY, DRZEWA:\u00a0 olcha, brzoza, leszczyna, tymotka \u0142\u0105kowa, \u017cyto, bylica, mniszek lekarski, babka lancetowata, ROZTOCZA, PLE\u015aNIE:\u00a0 Derm. pteronyssinus, Derm. farinae, Penicillinum notatum, Cladosporium herbarum, Aspergillus fumigatus, Alternaria alternata, ALERGENY ZWIERZ\u0118CE:\u00a0 kot, pies, ko\u0144, \u015bwinka morska, kr\u00f3lik, chomik, INNE:\u00a0\u00a0 marker CCD<span style=\"color: #ff0000;\"> <strong><em>(nowo\u015b\u0107)<\/em><\/strong><\/span><\/p>\n<p>Panel pediatryczny \u2013 mieszany (27 alergen\u00f3w): TRAWY, DRZEWA: brzoza, bylica, trawy mix, ROZTOCZA, PLE\u015aNIE: Derm. pteronyssinus, Derm. farinae, Alternaria alternata, Cladosporium herbarum, Aspergillus fumigatus, MLEKO: alfa-laktalbumina, beta-laktalbumina, mleko krowie, kazeina, albumina surowicy bydl\u0119cej (BSA), ALERGENY ZWIERZ\u0118CE: kot, pies, ko\u0144, ZBO\u017bA: m\u0105ka pszenna, ry\u017c, JAJA, RYBY: bia\u0142ko jaja kurzego, \u017c\u00f3\u0142tko jaja kurzego, dorsz, ORZECHY: orzech ziemny, orzech laskowy, INNE: ziemniak, marchew, jab\u0142ko, soja, marker CCD<\/p>\n<p><strong><span style=\"color: #333333;\">ANALITYKA OG\u00d3LNA<\/span><\/strong><br \/>\nMocz \u2013 badanie og\u00f3lne<br \/>\nAlbumina w moczu [test immunochromatograficzny]<br \/>\nMocz \u2013 test na obecno\u015b\u0107 narkotyk\u00f3w (panel 10 narkotyk\u00f3w): MORFINA (opiaty, heroina), METAMFETAMINA, THC (marihuana i haszysz), , BENZODIAZEPINY, BARBITURANY, AMFETAMINA, KOKAINA, METADON, TCA (tr\u00f3jcykliczne antydepresanty), MDMA (XTC, Ekstazy)<br \/>\nUSR<br \/>\nKa\u0142 \u2013 test na obecno\u015b\u0107 krwi utajonej<br \/>\nKa\u0142 \u2013 badanie w kierunku paso\u017cyt\u00f3w<br \/>\nKa\u0142 \u2013 test w kierunku lamblii [test immunoenzymatyczny]<br \/>\nKa\u0142 \u2013 stopie\u0144 strawienia<br \/>\nKa\u0142 \u2013 Helicobacter Pylori [test immunochromatograficzny]<br \/>\nKa\u0142 \u2013 kalprotektyna [ilo\u015bciowo]<br \/>\nKa\u0142 &#8211; oznaczenie pH<br \/>\nWymaz na obecno\u015b\u0107 jaj owsika<br \/>\nBadanie nasienia <span style=\"color: #ff0000;\"><strong><br \/>\n<\/strong><\/span><\/p>\n<p><strong><strong>DIAGNOSTYKA NIETOLERANCJI POKARMOWYCH WYKONYWANA W LABORATORIUM ZEWN. NA PODSTAWIE UMOWY PARTNERSKIEJ<\/strong><\/strong><br \/>\nProfil pokarmowy podstawowy Euroimmun Myfoodprofile 54 alergeny<br \/>\nProfil pokarmowy rozszerzony Euroimmun Myfoodprofile 108 alergen\u00f3w<br \/>\nProfil pokarmowy zaawansowany Euroimmun Myfoodprofile 216 alergen\u00f3w<br \/>\nProfil pokarmowy dla wegetarian Euroimmun Myfoodprofile 108 alergen\u00f3w<\/p>\n","protected":false},"excerpt":{"rendered":"<p>Oferta bada\u0144 laboratoryjnych obowi\u0105zuj\u0105ca od 25.03.2026 r. Oferta laboratorium obejmuje pe\u0142ny zakres bada\u0144 analitycznych. Oferujemy profesjonaln\u0105 obs\u0142ug\u0119, kr\u00f3tkie terminy oczekiwania na wyniki oraz przyst\u0119pne ceny wykonywanych bada\u0144. Posiadamy du\u017ce do\u015bwiadczenie w pobieraniu krwi u dzieci (r\u00f3wnie\u017c u noworodk\u00f3w i niemowl\u0105t) oraz u os\u00f3b wra\u017cliwych. Zdecydowana wi\u0119kszo\u015b\u0107 bada\u0144 wykonywana jest na miejscu, jedynie niekt\u00f3re wysokospecjalistyczne analizy [&hellip;]<\/p>\n","protected":false},"author":1,"featured_media":0,"parent":0,"menu_order":0,"comment_status":"closed","ping_status":"closed","template":"","meta":{"footnotes":""},"class_list":["post-328","page","type-page","status-publish","hentry"],"_links":{"self":[{"href":"https:\/\/www.cenlab.com.pl\/index.php?rest_route=\/wp\/v2\/pages\/328"}],"collection":[{"href":"https:\/\/www.cenlab.com.pl\/index.php?rest_route=\/wp\/v2\/pages"}],"about":[{"href":"https:\/\/www.cenlab.com.pl\/index.php?rest_route=\/wp\/v2\/types\/page"}],"author":[{"embeddable":true,"href":"https:\/\/www.cenlab.com.pl\/index.php?rest_route=\/wp\/v2\/users\/1"}],"replies":[{"embeddable":true,"href":"https:\/\/www.cenlab.com.pl\/index.php?rest_route=%2Fwp%2Fv2%2Fcomments&post=328"}],"version-history":[{"count":90,"href":"https:\/\/www.cenlab.com.pl\/index.php?rest_route=\/wp\/v2\/pages\/328\/revisions"}],"predecessor-version":[{"id":1513,"href":"https:\/\/www.cenlab.com.pl\/index.php?rest_route=\/wp\/v2\/pages\/328\/revisions\/1513"}],"wp:attachment":[{"href":"https:\/\/www.cenlab.com.pl\/index.php?rest_route=%2Fwp%2Fv2%2Fmedia&parent=328"}],"curies":[{"name":"wp","href":"https:\/\/api.w.org\/{rel}","templated":true}]}}