{"id":379,"date":"2018-05-23T13:15:48","date_gmt":"2018-05-23T13:15:48","guid":{"rendered":"http:\/\/www.cenlab.com.pl\/?page_id=379"},"modified":"2024-04-24T19:05:16","modified_gmt":"2024-04-24T19:05:16","slug":"do-pobrania","status":"publish","type":"page","link":"https:\/\/www.cenlab.com.pl\/?page_id=379","title":{"rendered":"DRUKI DO POBRANIA"},"content":{"rendered":"<p><a href=\"http:\/\/cenlab.com.pl\/wordpress\/wp-content\/uploads\/Upowa\u017cnienie_do_odbioru_wyniku_badania_laboratoryjnego.pdf\">Upowa\u017cnienie do odbioru wynik\u00f3w<\/a><\/p>\n<p><a href=\"http:\/\/cenlab.com.pl\/wordpress\/wp-content\/uploads\/Zgoda_na_pobranie_krwi_pacjent_16-18_lat.pdf\">Zgoda na pobranie krwi u pacjenta w wieku 16-18 lat<\/a><\/p>\n<p><a href=\"http:\/\/cenlab.com.pl\/wordpress\/wp-content\/uploads\/Upowa\u017cnienie_do_odbioru_wynik\u00f3w_dziecka.pdf\">Upowa\u017cnienie do odbioru wynik\u00f3w dziecka<\/a><\/p>\n<p><a href=\"http:\/\/cenlab.com.pl\/wordpress\/wp-content\/uploads\/Zlecenie przes\u0142ania wynik\u00f3w bada\u0144_STRONA.pdf\">Zlecenie przes\u0142ania wynik\u00f3w bada\u0144 laboratoryjnych (jednorazowe)<\/a><\/p>\n<p><a href=\"http:\/\/cenlab.com.pl\/wordpress\/wp-content\/uploads\/Zlecenie przesy\u0142ania wynik\u00f3w bada\u0144_STRONA_2.pdf\">Zlecenie przesy\u0142ania wynik\u00f3w bada\u0144 laboratoryjnych (sta\u0142e)<\/a><\/p>\n<p><a href=\"http:\/\/www.cenlab.com.pl\/wordpress\/wp-content\/uploads\/001-010-004_O\u015bwiadczenie-opiekun-prawny-dziecka.pdf\">O\u015bwiadczenie &#8211; opiekun prawny dziecka<\/a><\/p>\n<p><a href=\"http:\/\/www.cenlab.com.pl\/wordpress\/wp-content\/uploads\/Wniosek-o-udost\u0119pnienie-dokumentacji-medycznej.pdf\">Wniosek o udost\u0119pnienie dokumentacji medycznej<\/a><\/p>\n<p>&nbsp;<\/p>\n<p>&nbsp;<\/p>\n<p>&nbsp;<\/p>\n","protected":false},"excerpt":{"rendered":"<p>Upowa\u017cnienie do odbioru wynik\u00f3w Zgoda na pobranie krwi u pacjenta w wieku 16-18 lat Upowa\u017cnienie do odbioru wynik\u00f3w dziecka Zlecenie przes\u0142ania wynik\u00f3w bada\u0144 laboratoryjnych (jednorazowe) Zlecenie przesy\u0142ania wynik\u00f3w bada\u0144 laboratoryjnych (sta\u0142e) O\u015bwiadczenie &#8211; opiekun prawny dziecka Wniosek o udost\u0119pnienie dokumentacji medycznej &nbsp; &nbsp; &nbsp;<\/p>\n","protected":false},"author":1,"featured_media":0,"parent":0,"menu_order":0,"comment_status":"closed","ping_status":"closed","template":"","meta":{"footnotes":""},"class_list":["post-379","page","type-page","status-publish","hentry"],"_links":{"self":[{"href":"https:\/\/www.cenlab.com.pl\/index.php?rest_route=\/wp\/v2\/pages\/379"}],"collection":[{"href":"https:\/\/www.cenlab.com.pl\/index.php?rest_route=\/wp\/v2\/pages"}],"about":[{"href":"https:\/\/www.cenlab.com.pl\/index.php?rest_route=\/wp\/v2\/types\/page"}],"author":[{"embeddable":true,"href":"https:\/\/www.cenlab.com.pl\/index.php?rest_route=\/wp\/v2\/users\/1"}],"replies":[{"embeddable":true,"href":"https:\/\/www.cenlab.com.pl\/index.php?rest_route=%2Fwp%2Fv2%2Fcomments&post=379"}],"version-history":[{"count":16,"href":"https:\/\/www.cenlab.com.pl\/index.php?rest_route=\/wp\/v2\/pages\/379\/revisions"}],"predecessor-version":[{"id":1141,"href":"https:\/\/www.cenlab.com.pl\/index.php?rest_route=\/wp\/v2\/pages\/379\/revisions\/1141"}],"wp:attachment":[{"href":"https:\/\/www.cenlab.com.pl\/index.php?rest_route=%2Fwp%2Fv2%2Fmedia&parent=379"}],"curies":[{"name":"wp","href":"https:\/\/api.w.org\/{rel}","templated":true}]}}