{"id":46,"date":"2014-01-22T12:38:01","date_gmt":"2014-01-22T12:38:01","guid":{"rendered":"http:\/\/www.cenlab.com.pl\/wordpress\/?page_id=46"},"modified":"2024-09-17T08:27:25","modified_gmt":"2024-09-17T08:27:25","slug":"przygotowanie-do-badan","status":"publish","type":"page","link":"https:\/\/www.cenlab.com.pl\/?page_id=46","title":{"rendered":"PRZYGOTOWANIE DO BADA\u0143"},"content":{"rendered":"<p align=\"left\"><span style=\"font-family: Times\\ New\\ Roman, serif;\"><span style=\"font-size: medium;\"><span style=\"color: #666666;\"><span style=\"font-family: Arial, sans-serif;\"><span style=\"font-size: small;\"><b>W\u0142a\u015bciwe przygotowanie<\/b><\/span><\/span><\/span><span style=\"color: #666666;\"><span style=\"font-family: Arial, sans-serif;\"><span style=\"font-size: small;\"> si\u0119 do badania jest warunkiem uzyskania <\/span><\/span><\/span><span style=\"color: #666666;\"><span style=\"font-family: Arial, sans-serif;\"><span style=\"font-size: small;\"><b>dobrej jako\u015bci<\/b><\/span><\/span><\/span><span style=\"color: #666666;\"><span style=\"font-family: Arial, sans-serif;\"><span style=\"font-size: small;\"> wynik\u00f3w.<\/span><\/span><\/span><\/span><\/span><\/p>\n<p align=\"left\"><span style=\"font-family: Times\\ New\\ Roman, serif;\"><span style=\"font-size: medium;\"><span style=\"color: #666666;\"><span style=\"font-family: Arial, sans-serif;\"><span style=\"font-size: small;\">Do rejestracji bada\u0144 niezb\u0119dny jest <\/span><\/span><\/span><span style=\"color: #666666;\"><span style=\"font-family: Arial, sans-serif;\"><span style=\"font-size: small;\"><b>dokument to\u017csamo\u015bci pacjenta<\/b><\/span><\/span><\/span><span style=\"color: #666666;\"><span style=\"font-family: Arial, sans-serif;\"><span style=\"font-size: small;\">.<\/span><\/span><\/span><\/span><\/span><\/p>\n<p align=\"left\"><span style=\"font-family: Times\\ New\\ Roman, serif;\"><span style=\"font-size: medium;\"><span style=\"color: #666666;\"><span style=\"font-family: Arial, sans-serif;\"><span style=\"font-size: small;\">Pobranie krwi u pacjenta w wieku 16 \u2013 18 lat \u2013 wymagana jest zgoda pacjenta i rodzica\/opiekuna prawnego. Odpowiednie druki do pobrania w rejestracji laboratorium lub <a title=\"Druki do pobrania\" href=\"http:\/\/www.cenlab.com.pl\/?page_id=379\"><strong>tutaj<\/strong><\/a> (dopuszcza si\u0119 zgod\u0119 napisan\u0105 odr\u0119cznie). Wynik badania pacjent mo\u017ce odebra\u0107 osobi\u015bcie.<br \/>\n<\/span><\/span><\/span><\/span><\/span><\/p>\n<h3><\/h3>\n<h3><span style=\"color: #000080;\">Przygotowanie do bada\u0144 :<\/span><\/h3>\n<ul>\n<li>\n<h3><span style=\"text-decoration: underline;\"><span style=\"color: #3366ff; text-decoration: underline;\"><a title=\"Przygotowanie do badnia \u2013 badanie krwi\" href=\"http:\/\/www.cenlab.com.pl\/?page_id=236\"><span style=\"color: #3366ff; text-decoration: underline;\">badanie krwi<\/span><\/a><\/span><\/span><\/h3>\n<\/li>\n<li>\n<h3><a href=\"https:\/\/www.cenlab.com.pl\/?page_id=252\"><span style=\"text-decoration: underline;\"><span style=\"color: #3366ff; text-decoration: underline;\"><span style=\"color: #3366ff; text-decoration: underline;\">badanie og\u00f3lne moczu<\/span><\/span><\/span><\/a><\/h3>\n<\/li>\n<li>\n<h3><span style=\"text-decoration: underline;\"><span style=\"color: #3366ff; text-decoration: underline;\"><a title=\"Przygotowanie pacjenta \u2013 doustny test tolerancji glukozy\" href=\"http:\/\/www.cenlab.com.pl\/?page_id=262\"><span style=\"color: #3366ff; text-decoration: underline;\">doustny test tolerancji glukozy<\/span><\/a><\/span><\/span><\/h3>\n<\/li>\n<li>\n<h3><a href=\" https:\/\/www.cenlab.com.pl\/?page_id=1209 \"><span style=\"text-decoration: underline;\"><span style=\"color: #3366ff;\"><span style=\"color: #3366ff; text-decoration: underline;\">dobowa zbi\u00f3rka moczu<\/span><\/span><\/span><\/a><\/h3>\n<\/li>\n<li>\n<h3><span style=\"text-decoration: underline;\"><span style=\"color: #3366ff; text-decoration: underline;\"><a title=\"Przygotowanie pacjenta \u2013 krew utajona w kale\" href=\"http:\/\/www.cenlab.com.pl\/?page_id=276\"><span style=\"color: #3366ff; text-decoration: underline;\">krew utajona w kale<\/span><\/a><\/span><\/span><\/h3>\n<\/li>\n<li>\n<h3><span style=\"text-decoration: underline;\"><span style=\"color: #3366ff; text-decoration: underline;\"><a title=\"Przygotowanie pacjenta \u2013 lipidy\" href=\"http:\/\/www.cenlab.com.pl\/?page_id=279\"><span style=\"color: #3366ff; text-decoration: underline;\">lipidy &#8211; cholesterol ca\u0142kowity, HDL, nie-HDL, LDL, tr\u00f3jglicerydy<\/span><\/a><\/span><\/span><\/h3>\n<\/li>\n<li>\n<h3><a title=\"Przygotowanie pacjenta \u2013 homocysteina\" href=\"http:\/\/www.cenlab.com.pl\/?page_id=470\"><span style=\"text-decoration: underline;\"><span style=\"color: #3366ff; text-decoration: underline;\">homocysteina<\/span><\/span><\/a><\/h3>\n<\/li>\n<li>\n<h3><span style=\"text-decoration: underline;\"><span style=\"color: #3366ff; text-decoration: underline;\"><a title=\"Przygotowanie pacjenta \u2013 PSA\" href=\"http:\/\/www.cenlab.com.pl\/?page_id=282\"><span style=\"color: #3366ff; text-decoration: underline;\">PSA<\/span><\/a><\/span><\/span><\/h3>\n<\/li>\n<li>\n<h3><span style=\"text-decoration: underline;\"><span style=\"color: #3366ff; text-decoration: underline;\"><a title=\"Przygotowanie pacjenta \u2013 spermiogram\" href=\"http:\/\/www.cenlab.com.pl\/?page_id=285\"><span style=\"color: #3366ff; text-decoration: underline;\">spermiogram (badanie nasienia)<\/span><\/a><\/span><\/span><\/h3>\n<\/li>\n<li>\n<h3><a href=\"https:\/\/www.cenlab.com.pl\/?page_id=1205\"><span style=\"text-decoration: underline;\"><span style=\"color: #3366ff;\"><span style=\"color: #3366ff; text-decoration: underline;\">prolaktyna<\/span><\/span><\/span><\/a><\/h3>\n<\/li>\n<\/ul>\n<p>&nbsp;<\/p>\n","protected":false},"excerpt":{"rendered":"<p>W\u0142a\u015bciwe przygotowanie si\u0119 do badania jest warunkiem uzyskania dobrej jako\u015bci wynik\u00f3w. Do rejestracji bada\u0144 niezb\u0119dny jest dokument to\u017csamo\u015bci pacjenta. Pobranie krwi u pacjenta w wieku 16 \u2013 18 lat \u2013 wymagana jest zgoda pacjenta i rodzica\/opiekuna prawnego. Odpowiednie druki do pobrania w rejestracji laboratorium lub tutaj (dopuszcza si\u0119 zgod\u0119 napisan\u0105 odr\u0119cznie). Wynik badania pacjent mo\u017ce [&hellip;]<\/p>\n","protected":false},"author":1,"featured_media":0,"parent":0,"menu_order":0,"comment_status":"closed","ping_status":"closed","template":"","meta":{"footnotes":""},"class_list":["post-46","page","type-page","status-publish","hentry"],"_links":{"self":[{"href":"https:\/\/www.cenlab.com.pl\/index.php?rest_route=\/wp\/v2\/pages\/46"}],"collection":[{"href":"https:\/\/www.cenlab.com.pl\/index.php?rest_route=\/wp\/v2\/pages"}],"about":[{"href":"https:\/\/www.cenlab.com.pl\/index.php?rest_route=\/wp\/v2\/types\/page"}],"author":[{"embeddable":true,"href":"https:\/\/www.cenlab.com.pl\/index.php?rest_route=\/wp\/v2\/users\/1"}],"replies":[{"embeddable":true,"href":"https:\/\/www.cenlab.com.pl\/index.php?rest_route=%2Fwp%2Fv2%2Fcomments&post=46"}],"version-history":[{"count":42,"href":"https:\/\/www.cenlab.com.pl\/index.php?rest_route=\/wp\/v2\/pages\/46\/revisions"}],"predecessor-version":[{"id":1241,"href":"https:\/\/www.cenlab.com.pl\/index.php?rest_route=\/wp\/v2\/pages\/46\/revisions\/1241"}],"wp:attachment":[{"href":"https:\/\/www.cenlab.com.pl\/index.php?rest_route=%2Fwp%2Fv2%2Fmedia&parent=46"}],"curies":[{"name":"wp","href":"https:\/\/api.w.org\/{rel}","templated":true}]}}