{"id":470,"date":"2020-02-10T19:45:41","date_gmt":"2020-02-10T19:45:41","guid":{"rendered":"http:\/\/www.cenlab.com.pl\/?page_id=470"},"modified":"2020-02-10T19:49:26","modified_gmt":"2020-02-10T19:49:26","slug":"przygotowanie-pacjenta-homocysteina","status":"publish","type":"page","link":"https:\/\/www.cenlab.com.pl\/?page_id=470","title":{"rendered":"Przygotowanie pacjenta &#8211; homocysteina"},"content":{"rendered":"<p>Na badanie nale\u017cy zg\u0142osi\u0107 si\u0119 rano, po wypoczynku nocnym, najlepiej do godziny 9.00<br \/>\nDo czasu badania pozosta\u0107 na czczo, zalecane minimum 8 h przerwy od ostatniego posi\u0142ku<\/p>\n","protected":false},"excerpt":{"rendered":"<p>Na badanie nale\u017cy zg\u0142osi\u0107 si\u0119 rano, po wypoczynku nocnym, najlepiej do godziny 9.00 Do czasu badania pozosta\u0107 na czczo, zalecane minimum 8 h przerwy od ostatniego posi\u0142ku<\/p>\n","protected":false},"author":1,"featured_media":0,"parent":0,"menu_order":0,"comment_status":"closed","ping_status":"closed","template":"","meta":{"footnotes":""},"class_list":["post-470","page","type-page","status-publish","hentry"],"_links":{"self":[{"href":"https:\/\/www.cenlab.com.pl\/index.php?rest_route=\/wp\/v2\/pages\/470"}],"collection":[{"href":"https:\/\/www.cenlab.com.pl\/index.php?rest_route=\/wp\/v2\/pages"}],"about":[{"href":"https:\/\/www.cenlab.com.pl\/index.php?rest_route=\/wp\/v2\/types\/page"}],"author":[{"embeddable":true,"href":"https:\/\/www.cenlab.com.pl\/index.php?rest_route=\/wp\/v2\/users\/1"}],"replies":[{"embeddable":true,"href":"https:\/\/www.cenlab.com.pl\/index.php?rest_route=%2Fwp%2Fv2%2Fcomments&post=470"}],"version-history":[{"count":2,"href":"https:\/\/www.cenlab.com.pl\/index.php?rest_route=\/wp\/v2\/pages\/470\/revisions"}],"predecessor-version":[{"id":473,"href":"https:\/\/www.cenlab.com.pl\/index.php?rest_route=\/wp\/v2\/pages\/470\/revisions\/473"}],"wp:attachment":[{"href":"https:\/\/www.cenlab.com.pl\/index.php?rest_route=%2Fwp%2Fv2%2Fmedia&parent=470"}],"curies":[{"name":"wp","href":"https:\/\/api.w.org\/{rel}","templated":true}]}}