{"id":65,"date":"2014-02-25T15:08:43","date_gmt":"2014-02-25T15:08:43","guid":{"rendered":"http:\/\/www.cenlab.com.pl\/wordpress\/?page_id=65"},"modified":"2018-04-19T12:24:50","modified_gmt":"2018-04-19T12:24:50","slug":"pytania-i-odpowiedzi","status":"publish","type":"page","link":"https:\/\/www.cenlab.com.pl\/?page_id=65","title":{"rendered":"PYTANIA I ODPOWIEDZI"},"content":{"rendered":"<h3>Jak d\u0142ugo Pacjent oczekuje na wyniki?<\/h3>\n<p>Wi\u0119kszo\u015b\u0107 oferowanych bada\u0144 wykonujemy w tym samym dniu, a\u00a0 wyniki s\u0105 gotowe do odbioru w godzinach popo\u0142udniowych.<\/p>\n<h3>Do kt\u00f3rej godziny pobieramy materia\u0142 do bada\u0144?<\/h3>\n<p>Wi\u0119kszo\u015b\u0107 bada\u0144 laboratoryjnych nale\u017cy wykonywa\u0107 rano, na czczo mi\u0119dzy godzin\u0105 7:00 a 9:00. Istnieje jednak szereg analiz np. immunologicznych lub badania w trybie pilnym (morfologia, CRP, badanie og\u00f3lne moczu), kt\u00f3re mog\u0105 by\u0107 pobrane w p\u00f3\u017aniejszych godzinach.<\/p>\n","protected":false},"excerpt":{"rendered":"<p>Jak d\u0142ugo Pacjent oczekuje na wyniki? Wi\u0119kszo\u015b\u0107 oferowanych bada\u0144 wykonujemy w tym samym dniu, a\u00a0 wyniki s\u0105 gotowe do odbioru w godzinach popo\u0142udniowych. Do kt\u00f3rej godziny pobieramy materia\u0142 do bada\u0144? Wi\u0119kszo\u015b\u0107 bada\u0144 laboratoryjnych nale\u017cy wykonywa\u0107 rano, na czczo mi\u0119dzy godzin\u0105 7:00 a 9:00. Istnieje jednak szereg analiz np. immunologicznych lub badania w trybie pilnym (morfologia, [&hellip;]<\/p>\n","protected":false},"author":1,"featured_media":0,"parent":0,"menu_order":0,"comment_status":"closed","ping_status":"closed","template":"","meta":{"footnotes":""},"class_list":["post-65","page","type-page","status-publish","hentry"],"_links":{"self":[{"href":"https:\/\/www.cenlab.com.pl\/index.php?rest_route=\/wp\/v2\/pages\/65"}],"collection":[{"href":"https:\/\/www.cenlab.com.pl\/index.php?rest_route=\/wp\/v2\/pages"}],"about":[{"href":"https:\/\/www.cenlab.com.pl\/index.php?rest_route=\/wp\/v2\/types\/page"}],"author":[{"embeddable":true,"href":"https:\/\/www.cenlab.com.pl\/index.php?rest_route=\/wp\/v2\/users\/1"}],"replies":[{"embeddable":true,"href":"https:\/\/www.cenlab.com.pl\/index.php?rest_route=%2Fwp%2Fv2%2Fcomments&post=65"}],"version-history":[{"count":11,"href":"https:\/\/www.cenlab.com.pl\/index.php?rest_route=\/wp\/v2\/pages\/65\/revisions"}],"predecessor-version":[{"id":303,"href":"https:\/\/www.cenlab.com.pl\/index.php?rest_route=\/wp\/v2\/pages\/65\/revisions\/303"}],"wp:attachment":[{"href":"https:\/\/www.cenlab.com.pl\/index.php?rest_route=%2Fwp%2Fv2%2Fmedia&parent=65"}],"curies":[{"name":"wp","href":"https:\/\/api.w.org\/{rel}","templated":true}]}}