{"id":74,"date":"2014-04-27T18:44:41","date_gmt":"2014-04-27T18:44:41","guid":{"rendered":"http:\/\/www.cenlab.com.pl\/wordpress\/?page_id=74"},"modified":"2022-06-13T19:20:53","modified_gmt":"2022-06-13T19:20:53","slug":"kontakt","status":"publish","type":"page","link":"https:\/\/www.cenlab.com.pl\/?page_id=74","title":{"rendered":"KONTAKT"},"content":{"rendered":"<h2>Centralne Laboratorium Analityczne w Gliwicach<\/h2>\n<div>ul. Zygmunta Starego 16A (w podw\u00f3rzu za by\u0142\u0105 siedzib\u0105 Pogotowia Ratunkowego)<\/div>\n<div>Gliwice 44-100<\/div>\n<div>\n<h3>Telefon<\/h3>\n<div>\n<ul>\n<li>32-231 24 88 lub 798 312 486<\/li>\n<\/ul>\n<h3>E-mail<\/h3>\n<ul>\n<li>cla@cenlab.com.pl<\/li>\n<\/ul>\n<\/div>\n<\/div>\n<h2><\/h2>\n<h2>Inspektor Ochrony Danych<\/h2>\n<p>Inspektorem Ochrony Danych Centralnego Laboratorium Analitycznego w Gliwicach jest Pan Artur Gan<\/p>\n<div>\n<h3>Telefon<\/h3>\n<div>\n<ul>\n<li>662-460-908<\/li>\n<\/ul>\n<h3>E-mail<\/h3>\n<ul>\n<li>iod@cenlab.com.pl<\/li>\n<\/ul>\n<p>&nbsp;<\/p>\n<h2>Rzecznik Praw Pacjenta<\/h2>\n<h3>Telefon<\/h3>\n<ul>\n<li>800\u00a0190 590 (infolinia)<b><br \/>\n<\/b><\/li>\n<\/ul>\n<h3>WWW<\/h3>\n<ul>\n<li>www.gov.pl\/rpp<\/li>\n<\/ul>\n<p>&nbsp;<\/p>\n<\/div>\n<\/div>\n<h2 align=\"left\"><span style=\"color: #808080;\">Obowi\u0105zek informacyjny RODO<\/span><\/h2>\n<p><span style=\"color: #808080;\"><strong>KTO JEST ADMINISTRATOREM PA\u0143STWA DANYCH OSOBOWYCH?<\/strong><\/span><\/p>\n<p><span style=\"color: #808080;\">Administratorem, czyli podmiotem decyduj\u0105cym o tym, jak b\u0119d\u0105 wykorzystywane Pa\u0144stwa dane osobowe, jest Centralne Laboratorium Analityczne w Gliwicach sp\u00f3\u0142ka z ograniczon\u0105 odpowiedzialno\u015bci\u0105 z siedzib\u0105 w Gliwicach przy ul. Zygmunta Starego 16A (dalej \u201eMy\u201d lub \u201eLABORATORIUM\u201d ).<\/span><\/p>\n<p><span style=\"color: #808080;\">\u00a0<\/span><\/p>\n<p><span style=\"color: #808080;\"><strong>JAK MOG\u0104 PA\u0143STWO UZYSKA\u0106 WI\u0118CEJ INFORMACJI NA TEMAT SWOICH DANYCH OSOBOWYCH?<\/strong><\/span><\/p>\n<p><span style=\"color: #808080;\">Inspektorem Ochrony Danych w Centralnym Laboratorium Analitycznym w Gliwicach jest Pan Artur Gan. Dane kontaktowe: telefon : 662-460-908, adres e-mail: <a href=\"mailto:cla@cenlab.com.pl\">iod@cenlab.com.pl<\/a>, adres pocztowy: Inspektor Ochrony Danych Centralne Laboratorium Analityczne w Gliwicach sp. z o.o., ul. Zygmunta Starego 16A, 44-100 Gliwice.<\/span><\/p>\n<p><span style=\"color: #808080;\">\u00a0<\/span><\/p>\n<p><span style=\"color: #808080;\"><strong>SK\u0104D MAMY PA\u0143STWA DANE OSOBOWE?<\/strong><\/span><\/p>\n<p><span style=\"color: #808080;\">Otrzymali\u015bmy je dobrowolnie od Pa\u0144stwa wykonuj\u0105c procedur\u0119 rejestracji pacjenta. Dane z wideorejestracji otrzymujemy z kamer umieszczonych w pomieszczeniach poczekalni oraz rejestracji.<\/span><\/p>\n<p><span style=\"color: #808080;\">\u00a0<\/span><\/p>\n<p><span style=\"color: #808080;\"><strong>CZY MUSZ\u0104 PA\u0143STWO PODA\u0106 NAM SWOJE DANE OSOBOWE?<\/strong><\/span><\/p>\n<p><span style=\"color: #808080;\">Dane wymienione w Ustawie o prawach pacjenta musz\u0105 Pa\u0144stwo nam poda\u0107. Podanie pozosta\u0142ych danych jest uzale\u017cnione od Pa\u0144stwa zgody. Wej\u015bcie pacjenta na teren Laboratorium przez drzwi oznaczone symbolem wideorejestracji i napisem &#8220;monitoring&#8221;, jest r\u00f3wnowa\u017cne z wyra\u017ceniem\u00a0 zgody na zapis Pa\u0144stwa wizerunku w urz\u0105dzeniach do wideorejestracji.<\/span><\/p>\n<p><span style=\"color: #808080;\">\u00a0<\/span><\/p>\n<p><span style=\"color: #808080;\"><strong>JAKI JEST CEL I PODSTAWA PRAWNA PRZETWARZANIA PA\u0143STWA DANYCH OSOBOWYCH PRZEZ LABORATORIUM?<\/strong><\/span><\/p>\n<p><span style=\"color: #808080;\">Przetwarzamy Pa\u0144stwa dane osobowe, poniewa\u017c jest to niezb\u0119dne do wykonania zleconych bada\u0144 z zakresu diagnostyki laboratoryjnej. Podstaw\u0105 prawn\u0105 jest ustawa z dnia 6 listopada 2008 r. o prawach pacjenta i Rzeczniku Praw Pacjenta (z p\u00f3zn. zm.), zwana dalej przez &#8220;Ustaw\u0105 o prawach pacjenta&#8221;. Opr\u00f3cz danych wymienionych w Ustawie o prawach pacjenta, na \u017cyczenie przetwarzamy dane dotycz\u0105ce Pa\u0144stwa adresu poczty elektronicznej oraz numeru telefonu. Dane te s\u0142u\u017c\u0105 do przekazywania Pa\u0144stwu zaszyfrowanej dokumentacji medycznej w postaci wyniku badania laboratoryjnego. W szczeg\u00f3lnych przypadkach mo\u017cemy je wykorzysta\u0107, aby przekaza\u0107 Pa\u0144stwu piln\u0105 wiadomo\u015b\u0107 (e-mail lub SMS) dotycz\u0105c\u0105 wyniku badania laboratoryjnego. Dla ochrony mienia naszych pacjent\u00f3w przed kradzie\u017c\u0105 w pomieszczeniach poczekalni oraz rejestracji prowadzimy wideorejestracj\u0119, co stanowi nasz prawnie uzasadniony interes.<\/span><\/p>\n<p><span style=\"color: #808080;\">\u00a0<\/span><\/p>\n<p><span style=\"color: #808080;\"><strong>JAKIE MAJ\u0104 PA\u0143STWO UPRAWNIENIA WOBEC LABORATORIUM W ZAKRESIE PRZETWARZANYCH DANYCH?<\/strong><\/span><\/p>\n<p><span style=\"color: #808080;\">Gwarantujemy spe\u0142nienie Pa\u0144stwa prawa dost\u0119pu oraz prawa do sprostowania danych wynikaj\u0105cych z og\u00f3lnego rozporz\u0105dzenia o ochronie danych. Pozosta\u0142e prawa wynikaj\u0105ce z og\u00f3lnego rozporz\u0105dzenia o ochronie danych gwarantujemy w odniesieniu do tych danych, kt\u00f3re dobrowolnie otrzymali\u015bmy od Pa\u0144stwa, a kt\u00f3re nie s\u0105 wymienione w Ustawie o prawach pacjenta. Dotyczy to w szczeg\u00f3lno\u015bci Pa\u0144stwa adresu poczty elektronicznej, numeru telefonu oraz danych z wideorejestracji w stosunku do kt\u00f3rych zachowuj\u0105 Pa\u0144stwo wszystkie prawa, w tym prawo dost\u0119pu, sprostowania oraz usuni\u0119cia Pa\u0144stwa danych, ograniczenia ich przetwarzania, prawo do ich przenoszenia, niepodlegania zautomatyzowanemu podejmowaniu decyzji, w tym profilowaniu; a tak\u017ce prawo do wyra\u017cenia sprzeciwu wobec przetwarzania Pa\u0144stwa danych osobowych. Maj\u0105 Pa\u0144stwo prawo wnie\u015b\u0107 skarg\u0119 w zwi\u0105zku z przetwarzaniem przez nas Pa\u0144stwa danych osobowych do organu nadzorczego, kt\u00f3rym jest Generalny Inspektor Ochrony Danych Osobowych (adres: Generalny Inspektor Ochrony Danych Osobowych,\u00a0<a href=\"https:\/\/maps.google.com\/?q=ul.+Stawki+2,+00-193+Warszawa&amp;entry=gmail&amp;source=g\"><span style=\"color: #808080;\">ul. Stawki 2, 00-193 Warszawa<\/span><\/a>).<\/span><\/p>\n<p><span style=\"color: #808080;\">\u00a0<\/span><\/p>\n<p><span style=\"color: #808080;\"><strong>W JAKICH SYTUACJACH MOG\u0104 PA\u0143STWO SI\u0118 SPRZECIWI\u0106 WOBEC PRZETWARZANIA PA\u0143STWA DANYCH?<\/strong><\/span><\/p>\n<p><span style=\"color: #808080;\">Maj\u0105 Pa\u0144stwo prawo wnie\u015b\u0107 sprzeciw wobec przetwarzania danych osobowych, kt\u00f3re dobrowolnie otrzymali\u015bmy od Pa\u0144stwa, a kt\u00f3re nie s\u0105 wymienione w Ustawie o prawach pacjenta. Dotyczy to w szczeg\u00f3lno\u015bci Pa\u0144stwa adresu poczty elektronicznej oraz numeru telefonu. Z prawa sprzeciwu mog\u0105 Pa\u0144stwo skorzysta\u0107 od 25 maja 2018 roku.<\/span><\/p>\n<p><span style=\"color: #808080;\">\u00a0<\/span><\/p>\n<p><span style=\"color: #808080;\"><strong>KOMU UDOST\u0118PNIAMY PA\u0143STWA\u00a0 DANE OSOBOWE?<\/strong><\/span><\/p>\n<p><span style=\"color: #808080;\">W przypadku zlecenia bada\u0144, kt\u00f3re wykonywane s\u0105 w zewn\u0119trznych laboratoriach, przekazujemy Pa\u0144stwa dane wymienione w Ustawie o prawach pacjenta do zewn\u0119trznego laboratorium, kt\u00f3re wykonuje takie badanie i z kt\u00f3rym zawarli\u015bmy umow\u0119 powierzenia przetwarzania danych, dzi\u0119ki kt\u00f3rej zagwarantowane jest bezpiecze\u0144stwo Pa\u0144stwa danych. Dane z wideorejestracji mog\u0105 by\u0107 udostepnione organom pa\u0144stwowym.<\/span><\/p>\n<p><span style=\"color: #808080;\">\u00a0<\/span><\/p>\n<p><span style=\"color: #808080;\"><strong>JAK D\u0141UGO PRZECHOWUJEMY PA\u0143STWA DANE OSOBOWE?<\/strong><\/span><\/p>\n<p><span style=\"color: #808080;\">Zgodnie z Ustaw\u0105 o prawach pacjenta Pa\u0144stwa dane wymienione w ustawie przechowujemy przez okres 20 lat, licz\u0105c od ko\u0144ca roku kalendarzowego, w kt\u00f3rym zlecili Pa\u0144stwo nam po raz ostatni wykonanie badania laboratoryjnego. Adres poczty elektronicznej oraz numer telefonu s\u0105 przechowywane podobnie jak dane wymienione w Ustawie o prawach pacjenta przez 20 lat. Dane z wideorejestracji s\u0105 przechowywane nie d\u0142u\u017cej ni\u017c 7 dni.<\/span><\/p>\n<p><span style=\"color: #808080;\">\u00a0<\/span><\/p>\n<p><span style=\"color: #808080;\"><strong>CZY PRZEKAZUJEMY PA\u0143STWA\u00a0 DANE DO PA\u0143STW SPOZA EUROPEJSKIEGO OBSZARU GOSPODARCZEGO?<\/strong><\/span><\/p>\n<p><span style=\"color: #808080;\">Nie przekazujemy Pa\u0144stwa danych do pa\u0144stw spoza europejskiego obszaru gospodarczego.<\/span><\/p>\n<p><span style=\"color: #808080;\">\u00a0<\/span><\/p>\n<p><span style=\"color: #808080;\"><strong>CZY PRZETWARZAMY PA\u0143STWA DANE OSOBOWE AUTOMATYCZNIE (W TYM POPRZEZ PROFILOWANIE) W SPOS\u00d3B WP\u0141YWAJ\u0104CY NA PA\u0143STWA PRAWA?<\/strong><\/span><\/p>\n<p><span style=\"color: #808080;\">Pa\u0144stwa dane osobowe b\u0119d\u0105 przetwarzane w spos\u00f3b zautomatyzowany z wy\u0142\u0105czeniem profilowania, jednak\u017ce nie b\u0119dzie to wywo\u0142ywa\u0107 wobec Pa\u0144stwa \u017cadnych skutk\u00f3w, w tym skutk\u00f3w prawnych.<\/span><\/p>\n<p><span style=\"color: #808080;\">\u00a0<\/span><\/p>\n","protected":false},"excerpt":{"rendered":"<p>Centralne Laboratorium Analityczne w Gliwicach ul. Zygmunta Starego 16A (w podw\u00f3rzu za by\u0142\u0105 siedzib\u0105 Pogotowia Ratunkowego) Gliwice 44-100 Telefon 32-231 24 88 lub 798 312 486 E-mail cla@cenlab.com.pl Inspektor Ochrony Danych Inspektorem Ochrony Danych Centralnego Laboratorium Analitycznego w Gliwicach jest Pan Artur Gan Telefon 662-460-908 E-mail iod@cenlab.com.pl &nbsp; Rzecznik Praw Pacjenta Telefon 800\u00a0190 590 (infolinia) [&hellip;]<\/p>\n","protected":false},"author":1,"featured_media":0,"parent":0,"menu_order":0,"comment_status":"closed","ping_status":"closed","template":"","meta":{"footnotes":""},"class_list":["post-74","page","type-page","status-publish","hentry"],"_links":{"self":[{"href":"https:\/\/www.cenlab.com.pl\/index.php?rest_route=\/wp\/v2\/pages\/74"}],"collection":[{"href":"https:\/\/www.cenlab.com.pl\/index.php?rest_route=\/wp\/v2\/pages"}],"about":[{"href":"https:\/\/www.cenlab.com.pl\/index.php?rest_route=\/wp\/v2\/types\/page"}],"author":[{"embeddable":true,"href":"https:\/\/www.cenlab.com.pl\/index.php?rest_route=\/wp\/v2\/users\/1"}],"replies":[{"embeddable":true,"href":"https:\/\/www.cenlab.com.pl\/index.php?rest_route=%2Fwp%2Fv2%2Fcomments&post=74"}],"version-history":[{"count":17,"href":"https:\/\/www.cenlab.com.pl\/index.php?rest_route=\/wp\/v2\/pages\/74\/revisions"}],"predecessor-version":[{"id":786,"href":"https:\/\/www.cenlab.com.pl\/index.php?rest_route=\/wp\/v2\/pages\/74\/revisions\/786"}],"wp:attachment":[{"href":"https:\/\/www.cenlab.com.pl\/index.php?rest_route=%2Fwp%2Fv2%2Fmedia&parent=74"}],"curies":[{"name":"wp","href":"https:\/\/api.w.org\/{rel}","templated":true}]}}