{"id":803,"date":"2022-06-22T20:36:00","date_gmt":"2022-06-22T20:36:00","guid":{"rendered":"http:\/\/www.cenlab.com.pl\/?page_id=803"},"modified":"2025-08-11T05:02:47","modified_gmt":"2025-08-11T05:02:47","slug":"zakup-online-pakietow-badan-strona-w-budowie","status":"publish","type":"page","link":"https:\/\/www.cenlab.com.pl\/?page_id=803","title":{"rendered":"Zakup us\u0142ugi LABLINK"},"content":{"rendered":"<h2 style=\"text-align: center;\"><span style=\"color: #999999;\"><em><a href=\"http:\/\/www.cenlab.com.pl\/wordpress\/wp-content\/uploads\/ChoryMi\u015b_600x338.jpg\"><img loading=\"lazy\" decoding=\"async\" class=\"alignnone size-full wp-image-992\" src=\"http:\/\/www.cenlab.com.pl\/wordpress\/wp-content\/uploads\/ChoryMi\u015b_600x338.jpg\" alt=\"ChoryMi\u015b_600x338\" width=\"600\" height=\"347\" srcset=\"https:\/\/www.cenlab.com.pl\/wordpress\/wp-content\/uploads\/ChoryMi\u015b_600x338.jpg 600w, https:\/\/www.cenlab.com.pl\/wordpress\/wp-content\/uploads\/ChoryMi\u015b_600x338-300x173.jpg 300w\" sizes=\"(max-width: 600px) 100vw, 600px\" \/><\/a><\/em><\/span><\/h2>\n<h4 style=\"text-align: center;\"><span style=\"color: #ff0000;\">LABLINK &#8211; nowa us\u0142uga Centralnego Laboratorium Analitycznego w Gliwicach polegaj\u0105ca na pobraniu pr\u00f3bek krwi lub odebraniu pr\u00f3bek innego materia\u0142u biologicznego\u00a0 oraz przyj\u0119ciu zlecenia wykonania p\u0142atnych bada\u0144 z zakresu diagnostyki laboratoryjnej w domu Pacjenta. <\/span><\/h4>\n<h4 style=\"text-align: center;\"><span style=\"color: #ff0000;\">Opis us\u0142ugi\u00a0 LABLINK znajduje si\u0119\u00a0<span style=\"color: #3366ff;\"><a title=\"Opis us\u0142ugi LABLINK\" href=\"http:\/\/www.cenlab.com.pl\/?page_id=960\"><span style=\"color: #3366ff;\"> tutaj<\/span><\/a><\/span>.\u00a0 <\/span><\/h4>\n<h4 style=\"text-align: center;\"><span style=\"color: #ff0000;\">Regulamin us\u0142ugi LABLINK\u00a0 znajduje si\u0119 <span style=\"color: #3366ff;\"><a title=\"Regulamin us\u0142ugi LABLINK\" href=\"http:\/\/www.cenlab.com.pl\/?page_id=963\"><span style=\"color: #3366ff;\">tutaj<\/span><\/a><\/span>.<br \/>\n<\/span><\/h4>\n<h2><em><span style=\"text-decoration: underline;\"><span style=\"color: #0000ff; text-decoration: underline;\">Upewnij si\u0119, czy mo\u017cesz skorzysta\u0107 z tej us\u0142ugi:<\/span><\/span><\/em><\/h2>\n<ol>\n<li>\n<h3><span style=\"color: #0000ff;\">Us\u0142uga LABLINK<\/span> jest ograniczona terytorialnie do<span style=\"color: #ff0000;\"> miasta GLIWCE<\/span>.<\/h3>\n<\/li>\n<li>\n<h3><span style=\"color: #0000ff;\">Us\u0142uga LABLINK<\/span> jest ograniczona czasowo do <span style=\"color: #ff0000;\">termin\u00f3w okre\u015blonych w systemie rezerwacji<\/span>.<\/h3>\n<\/li>\n<li>\n<h3><span style=\"color: #0000ff;\">Us\u0142uga LABLINK<\/span> jest ograniczona do <span style=\"color: #ff0000;\">p\u0142atnych bada\u0144<\/span> wykonywanych w Centralnym Laboratorium Analitycznym w Gliwicach.\u00a0 Lista oraz ceny tych bada\u0144 znajduj\u0105 si\u0119 <a href=\"https:\/\/www.cenlab.com.pl\/wordpress\/wp-content\/uploads\/001-015-002_Cennik-badan-pobieranych-w-domu-pacjenta2.pdf\"><span style=\"text-decoration: underline;\"><span style=\"color: #3366ff; text-decoration: underline;\"><span style=\"color: #3366ff; text-decoration: underline;\">tutaj<\/span><\/span><\/span><\/a>.<\/h3>\n<\/li>\n<li>\n<h3><span style=\"color: #0000ff;\">Us\u0142uga LABLINK<\/span> jest ograniczona do Pacjent\u00f3w, kt\u00f3rzy <span style=\"color: #ff0000;\">nie wymagaj\u0105 dodatkowego personelu medycznego asystuj\u0105cego<\/span> przy pobraniu krwi (np. nadpobudliwi pacjenci) .\u00a0 Takie osoby zapraszamy do naszej siedziby, gdzie mamy do dyspozycji wi\u0119cej os\u00f3b, kt\u00f3re mog\u0105 asystowa\u0107 przy pobraniu.<\/h3>\n<\/li>\n<li>\n<h3><span style=\"color: #0000ff;\">Us\u0142uga LABLINK<\/span> jest ograniczona do <span style=\"color: #ff0000;\">4 os\u00f3b mieszkaj\u0105cych pod jednym adresem<\/span> (np. rodzina).\u00a0 Oznacza to, \u017ce odwiedzaj\u0105c Pacjenta w domu, mo\u017cemy\u00a0 pobra\u0107 pr\u00f3bki krwi lub odebra\u0107 pr\u00f3bki innego materia\u0142u biologicznego dla pozosta\u0142ych 3 os\u00f3b.<\/h3>\n<\/li>\n<li>\n<h3><span style=\"color: #0000ff;\">Us\u0142uga LABLINK<\/span> gwarantuje, \u017ce pr\u00f3bki krwi zostan\u0105 dostarczone do laboratorium <span style=\"text-decoration: underline; color: #ff0000;\">natychmiast<\/span> po pobraniu.<\/h3>\n<\/li>\n<\/ol>\n<h3><span style=\"color: #ff0000;\"><strong><span style=\"text-decoration: underline;\">Wa\u017cne informacje dotycz\u0105ce formularza zamieszczonego poni\u017cej<\/span><\/strong>.\u00a0 W przypadku gdy &#8220;Ilo\u015b\u0107 pacjent\u00f3w do pobrania&#8221; jest wi\u0119ksza od 1 to nale\u017cy w polu &#8220;Informacja dodatkowa&#8221; wpisa\u0107 imiona i nazwiska wraz z datami urodzenia pozosta\u0142ych pacjent\u00f3w<span style=\"text-decoration: underline; color: #3366ff;\"> (<a href=\"http:\/\/www.cenlab.com.pl\/wordpress\/wp-content\/uploads\/Pobranie_rodzina.jpg\"><span style=\"color: #3366ff; text-decoration: underline;\">zobacz przyk\u0142ad<\/span><\/a>)<\/span>. Pacjenci Ci musz\u0105 spe\u0142nia\u0107 jeden warunek, \u017ce wszyscy zamieszkuj\u0105 pod jednym adresem (rodzina).<br \/>\nJe\u017celi chcesz otrzyma\u0107 faktur\u0119 konsumenck\u0105 zamiast paragonu fiskalnego to w polu &#8220;Faktura konsumencka&#8221; wpisz &#8216;tak&#8217; <span style=\"color: #3366ff;\"><a href=\"http:\/\/www.cenlab.com.pl\/wordpress\/wp-content\/uploads\/Faktura_konsumencka.jpg\"><span style=\"color: #3366ff;\">(<span style=\"text-decoration: underline;\">zobacz przyk\u0142ad<\/span>)<\/span><\/a><\/span>. Je\u017celi chcesz otrzyma\u0107 faktur\u0119 podatkow\u0105 to polu &#8220;Rodzaj klienta&#8221; wybierz &#8216;Firma&#8217; a nast\u0119pnie wype\u0142nij pola &#8220;Nazwa firmy&#8221; oraz &#8220;NIP&#8221; (<a href=\"http:\/\/www.cenlab.com.pl\/wordpress\/wp-content\/uploads\/Faktura_podatkowa.jpg\"><span style=\"text-decoration: underline; color: #3366ff;\">zobacz przyk\u0142ad<\/span><\/a>).<br \/>\n<\/span><\/h3>\n<p><!-- [button size=\"e.g. small, big\" color=\"e.g. orange, green, blue, black\" link=\"https:\/\/widget.zarezerwuj.pl\/direct\/bbee96d3-7686-4571-ad65-5ab443a0c74e\" target=\"\"][\/button] --><\/p>\n<p><!--ZAREZERWUJ WIDGET --><\/p>\n<p><iframe loading=\"lazy\" style=\"border: none; min-height: 650px; width: 100%; height: 100%;\" src=\"https:\/\/widget.zarezerwuj.pl\/3f81b6a1-1efe-46bf-b2b1-14ba80322274\" width=\"320\" height=\"240\" seamless=\"\"><\/iframe><\/p>\n","protected":false},"excerpt":{"rendered":"<p>LABLINK &#8211; nowa us\u0142uga Centralnego Laboratorium Analitycznego w Gliwicach polegaj\u0105ca na pobraniu pr\u00f3bek krwi lub odebraniu pr\u00f3bek innego materia\u0142u biologicznego\u00a0 oraz przyj\u0119ciu zlecenia wykonania p\u0142atnych bada\u0144 z zakresu diagnostyki laboratoryjnej w domu Pacjenta. Opis us\u0142ugi\u00a0 LABLINK znajduje si\u0119\u00a0 tutaj.\u00a0 Regulamin us\u0142ugi LABLINK\u00a0 znajduje si\u0119 tutaj. Upewnij si\u0119, czy mo\u017cesz skorzysta\u0107 z tej us\u0142ugi: Us\u0142uga LABLINK [&hellip;]<\/p>\n","protected":false},"author":1,"featured_media":0,"parent":0,"menu_order":0,"comment_status":"closed","ping_status":"closed","template":"","meta":{"footnotes":""},"class_list":["post-803","page","type-page","status-publish","hentry"],"_links":{"self":[{"href":"https:\/\/www.cenlab.com.pl\/index.php?rest_route=\/wp\/v2\/pages\/803"}],"collection":[{"href":"https:\/\/www.cenlab.com.pl\/index.php?rest_route=\/wp\/v2\/pages"}],"about":[{"href":"https:\/\/www.cenlab.com.pl\/index.php?rest_route=\/wp\/v2\/types\/page"}],"author":[{"embeddable":true,"href":"https:\/\/www.cenlab.com.pl\/index.php?rest_route=\/wp\/v2\/users\/1"}],"replies":[{"embeddable":true,"href":"https:\/\/www.cenlab.com.pl\/index.php?rest_route=%2Fwp%2Fv2%2Fcomments&post=803"}],"version-history":[{"count":73,"href":"https:\/\/www.cenlab.com.pl\/index.php?rest_route=\/wp\/v2\/pages\/803\/revisions"}],"predecessor-version":[{"id":1424,"href":"https:\/\/www.cenlab.com.pl\/index.php?rest_route=\/wp\/v2\/pages\/803\/revisions\/1424"}],"wp:attachment":[{"href":"https:\/\/www.cenlab.com.pl\/index.php?rest_route=%2Fwp%2Fv2%2Fmedia&parent=803"}],"curies":[{"name":"wp","href":"https:\/\/api.w.org\/{rel}","templated":true}]}}