{"id":86,"date":"2014-04-28T11:19:37","date_gmt":"2014-04-28T11:19:37","guid":{"rendered":"http:\/\/www.cenlab.com.pl\/?page_id=86"},"modified":"2026-03-04T08:56:18","modified_gmt":"2026-03-04T08:56:18","slug":"profile","status":"publish","type":"page","link":"https:\/\/www.cenlab.com.pl\/?page_id=86","title":{"rendered":"PROFILE BADA\u0143"},"content":{"rendered":"<p><strong>1<\/strong> <b>PROFIL PODSTAWOWY (18 bada\u0144)<\/b><\/p>\n<table>\n<tbody>\n<tr>\n<td width=\"180px\"><\/td>\n<td>OB, morfologia, rozmaz, ALAT (aminotransferaza alaninowa), bilirubina ca\u0142kowita, kreatynina + eGFR [estymacja GFR w oparciu o wz\u00f3r MDRD], glukoza, lipidogram [cholesterol, HDL, nie-HDL, LDL, tr\u00f3jglicerydy], elektrolity (s\u00f3d, potas, wap\u0144 zjonizowany), \u017celazo, CRP (bia\u0142ko C-reaktywne), TSH (hormon tyreotropowy)<\/td>\n<\/tr>\n<\/tbody>\n<\/table>\n<p><strong>2<\/strong> <b>PROFIL ROZSZERZONY (29 bada\u0144)<\/b><\/p>\n<table>\n<tbody>\n<tr>\n<td width=\"180px\"><\/td>\n<td>OB, morfologia, rozmaz, pr\u00f3by w\u0105trobowe [ALAT, ASPAT, ALP, GGTP, bilirubina], pr\u00f3by nerkowe [mocznik, kreatynina + eGFR], \u03b1-amylaza, bia\u0142ko ca\u0142kowite, kwas moczowy, glukoza, lipidogram [cholesterol, HDL, nie-HDL, LDL, tr\u00f3jglicerydy], elektrolity (s\u00f3d, potas, wap\u0144 zjonizowany), magnez, \u017celazo, CRP (bia\u0142ko C-reaktywne), TSH (hormon tyreotropowy), antygen HBs, p\/cia\u0142a anty-HCV, witamina 25(OH)D3<\/td>\n<\/tr>\n<\/tbody>\n<\/table>\n<p><strong>3<\/strong> <b>PROFIL DLA DZIECKA \u00a0(8 bada\u0144)<\/b><\/p>\n<table>\n<tbody>\n<tr>\n<td width=\"180px\"><\/td>\n<td>morfologia, rozmaz, ALP (fosfataza zasadowa), bilirubina ca\u0142kowita, glukoza, fosfor nieorganiczny, \u017celazo, CRP (bia\u0142ko C-reaktywne)<\/td>\n<\/tr>\n<\/tbody>\n<\/table>\n<p><strong>4<\/strong> <b>PROFIL DLA DZIECKA rozszerzony \u00a0(13 bada\u0144)<\/b><\/p>\n<table>\n<tbody>\n<tr>\n<td width=\"180px\"><\/td>\n<td>morfologia, rozmaz, ALP (fosfataza zasadowa), bilirubina ca\u0142kowita, kreatynina, glukoza, fosfor nieorganiczny, \u017celazo, CRP (bia\u0142ko C-reaktywne), ASO (odczyn antystreptolizynowy), TSH (hormon tyreotropowy), IgE &#8211; ca\u0142kowite, witamina 25(OH)D3<\/td>\n<\/tr>\n<\/tbody>\n<\/table>\n<p><strong>5<\/strong> <b>PROFIL DLA KOBIET PLANUJ\u0104CYCH CI\u0104\u017b\u0118 \u00a0(26 bada\u0144)<\/b><\/p>\n<table>\n<tbody>\n<tr>\n<td width=\"180px\"><\/td>\n<td>OB, morfologia, pr\u00f3by w\u0105trobowe [ALAT, ASPAT, ALP, GGTP, bilirubina], pr\u00f3by nerkowe [mocznik, kreatynina + eGFR], glukoza, lipidogram [cholesterol, HDL, nie-HDL, LDL, tr\u00f3jglicerydy], elektrolity (s\u00f3d, potas, wap\u0144 zjonizowany), fosfor nieorganiczny, magnez, \u017celazo, wap\u0144 ca\u0142kowity, kwas foliowy, TSH (hormon tyreotropowy), fT<sub>4 <\/sub>(wolna tyroksyna), USR<\/td>\n<\/tr>\n<\/tbody>\n<\/table>\n<p><strong>6<\/strong> <b>PROFIL DLA KOBIET PLANUJ\u0104CYCH CI\u0104\u017b\u0118 \u00a0rozszerzony (31 bada\u0144)<\/b><\/p>\n<table>\n<tbody>\n<tr>\n<td width=\"180px\"><\/td>\n<td>OB, morfologia, pr\u00f3by w\u0105trobowe [ALAT, ASPAT, ALP, GGTP, bilirubina], pr\u00f3by nerkowe [mocznik, kreatynina + eGFR], glukoza, lipidogram [cholesterol, HDL, nie-HDL, LDL, tr\u00f3jglicerydy], elektrolity (s\u00f3d, potas, wap\u0144 zjonizowany), fosfor nieorganiczny, magnez, \u017celazo, wap\u0144 ca\u0142kowity, kwas foliowy, TSH (hormon tyreotropowy), fT<sub>4 <\/sub>(wolna tyroksyna), antygen HBs, p\/cia\u0142a anty-HCV, cytomegalowirus &#8211; p\/cia\u0142a klasy IgG, toxoplasma &#8211; p\/cia\u0142a klasy IgG, r\u00f3\u017cyczka &#8211; p\/cia\u0142a klasy IgG, USR<\/td>\n<\/tr>\n<\/tbody>\n<\/table>\n<p><strong>7<\/strong> <b>PROFIL DLA KOBIET W CI\u0104\u017bY (9 bada\u0144)<\/b><\/p>\n<table>\n<tbody>\n<tr>\n<td width=\"180px\"><\/td>\n<td>morfologia, glukoza, p\/cia\u0142a anty-HCV, toxoplasma &#8211; p\/cia\u0142a klasy IgM\/IgG, r\u00f3\u017cyczka &#8211; p\/cia\u0142a klasy IgM\/IgG,\u00a0 USR, grupa krwi<\/td>\n<\/tr>\n<\/tbody>\n<\/table>\n<p><strong>8<\/strong> <b>PROFIL DLA KOBIET W CI\u0104\u017bY rozszerzony (14 bada\u0144)<\/b><\/p>\n<table>\n<tbody>\n<tr>\n<td width=\"180px\"><\/td>\n<td>morfologia, glukoza, antygen HBs, p\/cia\u0142a anty-HBs, p\/cia\u0142a anty-HCV, TSH (hormon tyreotropowy), fT<sub>4 <\/sub>(wolna tyroksyna), anty-TPO (p\/cia\u0142a przeciw peroksydazie tarczycowej), toxoplasma &#8211; p\/cia\u0142a klasy IgM\/IgG, r\u00f3\u017cyczka &#8211; p\/cia\u0142a klasy IgM\/IgG, USR, grupa krwi<\/td>\n<\/tr>\n<\/tbody>\n<\/table>\n<p><strong>9<\/strong> <b>PROFIL DLA KOBIET 45+<\/b> \u00a0\u00a0<b>(26 bada\u0144)<\/b><\/p>\n<table>\n<tbody>\n<tr>\n<td width=\"180px\"><\/td>\n<td>OB, morfologia, rozmaz, pr\u00f3by w\u0105trobowe [ALAT, ASPAT, ALP, GGTP, bilirubina], kwas moczowy, pr\u00f3by nerkowe [mocznik, kreatynina + eGFR], glukoza, elektrolity (s\u00f3d, potas, wap\u0144 zjonizowany), lipidogram [cholesterol, HDL, nie-HDL, LDL, tr\u00f3jglicerydy], fosfor nieorganiczny, magnez, \u017celazo, wap\u0144 ca\u0142kowity, CRP (bia\u0142ko C-reaktywne), TSH (hormon tyreotropowy)<\/td>\n<\/tr>\n<\/tbody>\n<\/table>\n<p><strong>10<\/strong> <b>PROFIL DLA KOBIET 45+<\/b>\u00a0\u00a0 <b>rozszerzony (33 badania)<\/b><\/p>\n<table>\n<tbody>\n<tr>\n<td width=\"180px\"><\/td>\n<td><\/td>\n<td><\/td>\n<td>OB, morfologia, rozmaz, pr\u00f3by w\u0105trobowe [ALAT, ASPAT, ALP, GGTP, bilirubina], kwas moczowy, pr\u00f3by nerkowe [mocznik, kreatynina + eGFR], glukoza, elektrolity (s\u00f3d, potas, wap\u0144 zjonizowany), lipidogram [cholesterol, HDL, nie-HDL, LDL, tr\u00f3jglicerydy], fosfor nieorganiczny, magnez, \u017celazo, ferrytyna, wap\u0144 ca\u0142kowity, CRP (bia\u0142ko C-reaktywne), TSH (hormon tyreotropowy), antygen HBs, p\/cia\u0142a anty-HCV, witamina 25(OH)D3, CEA (antygen karcynoembrionalny), badanie og\u00f3lne moczu, test na obecno\u015b\u0107 krwi utajonej w kale<\/td>\n<\/tr>\n<\/tbody>\n<\/table>\n<p><strong>11<\/strong> <b>PROFIL DLA M\u0118\u017bCZYZN 45+ \u00a0\u00a0(26 bada\u0144)<\/b><\/p>\n<table>\n<tbody>\n<tr>\n<td width=\"180px\"><\/td>\n<td>OB, morfologia, rozmaz, D-dimery, pr\u00f3by w\u0105trobowe [ALAT, ASPAT, ALP, GGTP, bilirubina], kwas moczowy, pr\u00f3by nerkowe [mocznik, kreatynina + eGFR], glukoza, elektrolity (s\u00f3d, potas, wap\u0144 zjonizowany), lipidogram [cholesterol, HDL, nie-HDL, LDL, tr\u00f3jglicerydy], magnez, wap\u0144 ca\u0142kowity, CRP (bia\u0142ko C-reaktywne), TSH (hormon tyreotropowy), PSA total (specyficzny antygen prostaty)<\/td>\n<\/tr>\n<\/tbody>\n<\/table>\n<p><strong>12<\/strong> <b>PROFIL DLA M\u0118\u017bCZYZN 45+\u00a0\u00a0 rozszerzony (32 badania)<\/b><\/p>\n<table>\n<tbody>\n<tr>\n<td width=\"180px\"><\/td>\n<td>OB, morfologia, rozmaz, D-dimery, pr\u00f3by w\u0105trobowe [ALAT, ASPAT, ALP, GGTP, bilirubina], kwas moczowy, pr\u00f3by nerkowe [mocznik, kreatynina + eGFR], glukoza, elektrolity (s\u00f3d, potas, wap\u0144 zjonizowany), lipidogram [cholesterol, HDL, nie-HDL, LDL, tr\u00f3jglicerydy], magnez, wap\u0144 ca\u0142kowity, CRP (bia\u0142ko C-reaktywne), TSH (hormon tyreotropowy), PSA total (specyficzny antygen prostaty), antygen HBs, p\/cia\u0142a anty-HCV, witamina 25(OH)D3, CEA (antygen karcynoembrionalny), badanie og\u00f3lne moczu, test na obecno\u015b\u0107 krwi utajonej w kale<\/td>\n<\/tr>\n<\/tbody>\n<\/table>\n<p><strong>13<\/strong> <b>PROFIL LIPIDOWY (5 bada\u0144)<\/b><\/p>\n<table>\n<tbody>\n<tr>\n<td width=\"180px\"><\/td>\n<td>cholesterol, HDL, nie-HDL, LDL, tr\u00f3jglicerydy<\/td>\n<\/tr>\n<\/tbody>\n<\/table>\n<p><strong>14<\/strong> <b>PROFIL W\u0104TROBOWY (5 bada\u0144)<\/b><\/p>\n<table>\n<tbody>\n<tr>\n<td width=\"180px\"><\/td>\n<td>ASPAT (aminotransferaza asparaginianowa), ALAT (aminotransferaza alaninowa), ALP (fosfataza zasadowa), GGTP (gamma-glutamylotransferaza), bilirubina ca\u0142kowita<\/td>\n<\/tr>\n<\/tbody>\n<\/table>\n<p><strong>15<\/strong> <b>PROFIL W\u0104TROBOWY (8 bada\u0144)<\/b><\/p>\n<table>\n<tbody>\n<tr>\n<td width=\"180px\"><\/td>\n<td>ASPAT (aminotransferaza asparaginianowa), ALAT (aminotransferaza alaninowa), ALP (fosfataza zasadowa), GGTP (gamma-glutamylotransferaza), bilirubina ca\u0142kowita, albumina, antygen HBs, p\/cia\u0142a anty-HCV<\/td>\n<\/tr>\n<\/tbody>\n<\/table>\n<p><strong>16<\/strong> <b>PROFIL NERKOWY (9 bada\u0144)<\/b><\/p>\n<table>\n<tbody>\n<tr>\n<td width=\"180px\"><\/td>\n<td>bia\u0142ko ca\u0142kowite, kwas moczowy, mocznik, kreatynina + eGFR [estymacja GFR w oparciu o wz\u00f3r MDRD], elektrolity (s\u00f3d, potas, wap\u0144 zjonizowany), badanie og\u00f3lne moczu, albumina w moczu [test immunochromatograficzny]<\/td>\n<\/tr>\n<\/tbody>\n<\/table>\n<p><strong>17<\/strong> <b>PROFIL TRZUSTKA \u00a0(3 badania)<\/b><\/p>\n<table>\n<tbody>\n<tr>\n<td width=\"180px\"><\/td>\n<td>\u03b1-amylaza, lipaza, glukoza<\/td>\n<\/tr>\n<\/tbody>\n<\/table>\n<p><strong>18<\/strong> <b>PROFIL TRZUSTKA\u00a0 rozszerzony (6 bada\u0144)<\/b><\/p>\n<table>\n<tbody>\n<tr>\n<td width=\"180px\"><\/td>\n<td>\u03b1-amylaza, lipaza, glukoza, \u03b1-1 antytrypsyna, elastaza trzustkowa w kale, CA 19.9 (antygen nowotworowy)<\/td>\n<\/tr>\n<\/tbody>\n<\/table>\n<p><strong>19<\/strong> <b>PROFIL ANEMIA \u00a0(7 bada\u0144)<\/b><\/p>\n<table>\n<tbody>\n<tr>\n<td width=\"180px\"><\/td>\n<td>morfologia, rozmaz, retikulocyty, TIBC (ca\u0142kowita zdolno\u015b\u0107 wi\u0105zania \u017celaza), ferrytyna, wysycenie transferyny \u017celazem (transferyna + \u017celazo)<\/td>\n<\/tr>\n<\/tbody>\n<\/table>\n<p><strong>20<\/strong>\u00a0<b>PROFIL ANEMIA\u00a0 rozszerzony \u00a0(10 bada\u0144)<\/b><\/p>\n<table>\n<tbody>\n<tr>\n<td width=\"180px\"><\/td>\n<td>morfologia, rozmaz, retikulocyty, TIBC (ca\u0142kowita zdolno\u015b\u0107 wi\u0105zania \u017celaza), ferrytyna, witamina B12, wysycenie transferyny \u017celazem (transferyna + \u017celazo), kwas foliowy, test na obecno\u015b\u0107 krwi utajonej w kale<\/td>\n<\/tr>\n<\/tbody>\n<\/table>\n<p><strong>21<\/strong> <b>PROFIL CUKRZYCA \u00a0(13 bada\u0144)<\/b><\/p>\n<table>\n<tbody>\n<tr>\n<td width=\"180px\"><\/td>\n<td>glukoza, HbA<sub>1c\u00a0 <\/sub>(hemoglobina glikowana), lipidogram [cholesterol, HDL, nie-HDL, LDL, tr\u00f3jglicerydy], kreatynina + eGFR [estymacja GFR w oparciu o wz\u00f3r MDRD], elektrolity (s\u00f3d, potas, wap\u0144 zjonizowany), badanie og\u00f3lne moczu, albumina w moczu [test immunochromatograficzny]<\/td>\n<\/tr>\n<\/tbody>\n<\/table>\n<p><strong>22<\/strong>\u00a0<b>PROFIL CUKRZYCA\u00a0\u00a0 rozszerzony \u00a0(15 bada\u0144)<\/b><\/p>\n<table>\n<tbody>\n<tr>\n<td width=\"180px\"><\/td>\n<td>HbA<sub>1c\u00a0 <\/sub>(hemoglobina glikowana), lipidogram [cholesterol, HDL, nie-HDL, LDL, tr\u00f3jglicerydy], kreatynina + eGFR [estymacja GFR w oparciu o wz\u00f3r MDRD], elektrolity (s\u00f3d, potas, wap\u0144 zjonizowany), HOMA-IR (glukoza, insulina), peptyd C, badanie og\u00f3lne moczu, albumina w moczu [test immunochromatograficzny]<\/td>\n<\/tr>\n<\/tbody>\n<\/table>\n<p><strong>23<\/strong> <b>PROFIL KARDIOLOGICZNY\u00a0 (14 bada\u0144)<\/b><\/p>\n<table>\n<tbody>\n<tr>\n<td width=\"180px\"><\/td>\n<td>glukoza, elektrolity (s\u00f3d, potas, wap\u0144 zjonizowany), kreatynina + eGFR [estymacja GFR w oparciu o wz\u00f3r MDRD], kwas moczowy, lipidogram [cholesterol, HDL, nie-HDL, LDL, tr\u00f3jglicerydy], magnez, CRP (bia\u0142ko C-reaktywne), D-dimery<\/td>\n<\/tr>\n<\/tbody>\n<\/table>\n<table>\n<tbody>\n<tr>\n<td width=\"180px\"><\/td>\n<td><\/td>\n<\/tr>\n<\/tbody>\n<\/table>\n<p><strong>24<\/strong> <b>PROFIL TARCZYCA (3 badania)<\/b><\/p>\n<table>\n<tbody>\n<tr>\n<td width=\"180px\"><\/td>\n<td>TSH (hormon tyreotropowy), fT<sub>3 <\/sub>(wolna trijodotyronina), fT<sub>4 <\/sub>(wolna tyroksyna)<\/td>\n<\/tr>\n<\/tbody>\n<\/table>\n<p><strong>25<\/strong> <b>PROFIL TARCZYCA \u00a0rozszerzony \u00a0(5 bada\u0144)<\/b><\/p>\n<table>\n<tbody>\n<tr>\n<td width=\"180px\"><\/td>\n<td>TSH (hormon tyreotropowy), fT<sub>3 <\/sub>(wolna trijodotyronina), fT<sub>4 <\/sub>(wolna tyroksyna), anty-Tg\u00a0 (p\/cia\u0142a przeciw tyreoglobulinie), anty-TPO (p\/cia\u0142a przeciw peroksydazie tarczycowej)<\/td>\n<\/tr>\n<\/tbody>\n<\/table>\n<p><strong>26<\/strong> <b>PROFIL REUMATOLOGICZNY<\/b> \u00a0<b>(7 bada\u0144)<\/b><\/p>\n<table>\n<tbody>\n<tr>\n<td width=\"180px\"><\/td>\n<td>OB, morfologia, rozmaz, kwas moczowy, CRP (bia\u0142ko C-reaktywne), ASO (odczyn antystreptolizynowy), RF (czynnik reumatoidalny)<\/td>\n<\/tr>\n<\/tbody>\n<\/table>\n<p><strong>27<\/strong> <b>PROFIL REUMATOLOGICZNY<\/b>\u00a0 <b>rozszerzony \u00a0(9 bada\u0144)<\/b><\/p>\n<table>\n<tbody>\n<tr>\n<td width=\"180px\"><\/td>\n<td>OB, morfologia, rozmaz, kwas moczowy, CRP (bia\u0142ko C-reaktywne), ASO (odczyn antystreptolizynowy), RF (czynnik reumatoidalny), anty-CCP (p\/cia\u0142a przeciw<b> <\/b>cyklicznemu cytrulinowanemu peptydowi), p\/c przeciwj\u0105drowe met. IF &#8211; test przesiewowy<\/td>\n<\/tr>\n<\/tbody>\n<\/table>\n<p><strong>28<\/strong> <b>TORCH p\/cia\u0142a klasy IgG\/IgM<\/b> \u00a0\u00a0<b>(8 bada\u0144)<\/b><\/p>\n<table>\n<tbody>\n<tr>\n<td width=\"180px\"><\/td>\n<td>Toxoplasma gondii, Rubella virus, Cytomegalia, Herpes Simplex<\/td>\n<\/tr>\n<\/tbody>\n<\/table>\n<p><strong>29<\/strong> <b>PROFIL CELIAKIA \u00a0(6 bada\u0144)<\/b><\/p>\n<table>\n<tbody>\n<tr>\n<td width=\"180px\"><\/td>\n<td>anty-EmA IgA\/IgG\u00a0 (p\/c przeciw endomysium), anty-tTG IgA\u00a0 (p\/c przeciw transglutaminazie tkankowej IgA), anty-tTG IgG\u00a0 (p\/c przeciw transglutaminazie tkankowej IgG), anty-GAF(3X) IgA\u00a0 (p\/c przeciw analogowi gliadyny IgA), anty-GAF(3X) IgG\u00a0 (p\/c przeciw analogowi gliadyny IgG)<\/td>\n<\/tr>\n<\/tbody>\n<\/table>\n<p><strong>30<\/strong> <b>PROFIL ZAKRZEPICA \u00a0(4 badania)<\/b><\/p>\n<table>\n<tbody>\n<tr>\n<td width=\"180px\"><\/td>\n<td>morfologia, aPTT (czas cz\u0119\u015bciowej tromboplastyny po aktywacji), PT + INR (czas protrombinowy), D-dimery<\/td>\n<\/tr>\n<\/tbody>\n<\/table>\n<p><strong>31<\/strong> <b>PROFIL HORMONY \u00a0\u00a0(6 bada\u0144)<\/b><\/p>\n<table>\n<tbody>\n<tr>\n<td width=\"180px\"><\/td>\n<td>TSH (hormon tyreotropowy), FSH (hormon folikulotropowy), LH (hormon luteinizuj\u0105cy), prolaktyna, progesteron, estradiol<\/td>\n<\/tr>\n<\/tbody>\n<\/table>\n<p><strong>32<\/strong>\u00a0<b>PROFIL DLA SPORTOWC\u00d3W\u00a0\u00a0 (22 badania)<\/b><\/p>\n<table>\n<tbody>\n<tr>\n<td width=\"180px\"><\/td>\n<td>morfologia, ASPAT (aminotransferaza asparaginianowa), ALAT (aminotransferaza alaninowa), kwas moczowy, pr\u00f3by nerkowe [mocznik, kreatynina + eGFR], lipidogram [cholesterol, HDL, nie-HDL, LDL, tr\u00f3jglicerydy], CK (kinaza kreatynowa ca\u0142kowita),\u00a0 bia\u0142ko ca\u0142kowite, glukoza, elektrolity (s\u00f3d, potas, wap\u0144 zjonizowany), magnez, \u017celazo, TSH (hormon tyreotropowy), testosteron, kortyzol<\/td>\n<\/tr>\n<\/tbody>\n<\/table>\n<p><strong>33<\/strong> <b>PROFIL DLA SPORTOWC\u00d3W\u00a0 rozszerzony\u00a0 (28 bada\u0144)<\/b><\/p>\n<table>\n<tbody>\n<tr>\n<td width=\"180px\"><\/td>\n<td>morfologia, ASPAT (aminotransferaza asparaginianowa), ALAT (aminotransferaza alaninowa), albumina, kwas moczowy, pr\u00f3by nerkowe [mocznik, kreatynina + eGFR], lipidogram [cholesterol, HDL, nie-HDL, LDL, tr\u00f3jglicerydy], CK (kinaza kreatynowa ca\u0142kowita), bia\u0142ko ca\u0142kowite, glukoza, elektrolity (s\u00f3d, potas, wap\u0144 zjonizowany), magnez, \u017celazo, CRP (bia\u0142ko C-reaktywne), TSH (hormon tyreotropowy), testosteron, kortyzol, insulina, ferrytyna, witamina 25(OH)D3, badanie og\u00f3lne moczu<\/td>\n<\/tr>\n<\/tbody>\n<\/table>\n<table>\n<tbody>\n<tr>\n<td width=\"180px\"><\/td>\n<td><\/td>\n<\/tr>\n<\/tbody>\n<\/table>\n","protected":false},"excerpt":{"rendered":"<p>1 PROFIL PODSTAWOWY (18 bada\u0144) OB, morfologia, rozmaz, ALAT (aminotransferaza alaninowa), bilirubina ca\u0142kowita, kreatynina + eGFR [estymacja GFR w oparciu o wz\u00f3r MDRD], glukoza, lipidogram [cholesterol, HDL, nie-HDL, LDL, tr\u00f3jglicerydy], elektrolity (s\u00f3d, potas, wap\u0144 zjonizowany), \u017celazo, CRP (bia\u0142ko C-reaktywne), TSH (hormon tyreotropowy) 2 PROFIL ROZSZERZONY (29 bada\u0144) OB, morfologia, rozmaz, pr\u00f3by w\u0105trobowe [ALAT, ASPAT, ALP, [&hellip;]<\/p>\n","protected":false},"author":1,"featured_media":0,"parent":0,"menu_order":0,"comment_status":"closed","ping_status":"closed","template":"","meta":{"footnotes":""},"class_list":["post-86","page","type-page","status-publish","hentry"],"_links":{"self":[{"href":"https:\/\/www.cenlab.com.pl\/index.php?rest_route=\/wp\/v2\/pages\/86"}],"collection":[{"href":"https:\/\/www.cenlab.com.pl\/index.php?rest_route=\/wp\/v2\/pages"}],"about":[{"href":"https:\/\/www.cenlab.com.pl\/index.php?rest_route=\/wp\/v2\/types\/page"}],"author":[{"embeddable":true,"href":"https:\/\/www.cenlab.com.pl\/index.php?rest_route=\/wp\/v2\/users\/1"}],"replies":[{"embeddable":true,"href":"https:\/\/www.cenlab.com.pl\/index.php?rest_route=%2Fwp%2Fv2%2Fcomments&post=86"}],"version-history":[{"count":60,"href":"https:\/\/www.cenlab.com.pl\/index.php?rest_route=\/wp\/v2\/pages\/86\/revisions"}],"predecessor-version":[{"id":1501,"href":"https:\/\/www.cenlab.com.pl\/index.php?rest_route=\/wp\/v2\/pages\/86\/revisions\/1501"}],"wp:attachment":[{"href":"https:\/\/www.cenlab.com.pl\/index.php?rest_route=%2Fwp%2Fv2%2Fmedia&parent=86"}],"curies":[{"name":"wp","href":"https:\/\/api.w.org\/{rel}","templated":true}]}}