{"id":960,"date":"2023-09-27T17:45:13","date_gmt":"2023-09-27T17:45:13","guid":{"rendered":"http:\/\/www.cenlab.com.pl\/?page_id=960"},"modified":"2025-08-11T05:07:22","modified_gmt":"2025-08-11T05:07:22","slug":"opis-uslugi-lablink","status":"publish","type":"page","link":"https:\/\/www.cenlab.com.pl\/?page_id=960","title":{"rendered":"Opis us\u0142ugi LABLINK"},"content":{"rendered":"<h2 style=\"text-align: center;\"><em><span style=\"color: #999999;\"><img loading=\"lazy\" decoding=\"async\" class=\"alignnone size-full wp-image-992\" src=\"http:\/\/www.cenlab.com.pl\/wordpress\/wp-content\/uploads\/ChoryMi\u015b_600x338.jpg\" alt=\"ChoryMi\u015b_600x338\" width=\"600\" height=\"347\" srcset=\"https:\/\/www.cenlab.com.pl\/wordpress\/wp-content\/uploads\/ChoryMi\u015b_600x338.jpg 600w, https:\/\/www.cenlab.com.pl\/wordpress\/wp-content\/uploads\/ChoryMi\u015b_600x338-300x173.jpg 300w\" sizes=\"(max-width: 600px) 100vw, 600px\" \/><\/span><\/em><\/h2>\n<h2><span style=\"color: #ff0000;\">\u00a0<\/span><\/h2>\n<ul>\n<li>\n<h4><span style=\"color: #3366ff;\">Us\u0142uga LABLINK<\/span> jest prowadzona przez Centralne Laboratorium Analityczne w Gliwicach prowadz\u0105ce dzia\u0142alno\u015b\u0107 w Gliwicach przy ul. Zygmunta Starego 16A &#8211; podmiot leczniczy<br \/>\nz <span style=\"color: #ff0000;\">70-letni\u0105 tradycj\u0105<\/span>.<\/h4>\n<\/li>\n<li>\n<h4><span style=\"color: #3366ff;\">Us\u0142uga LABLINK<\/span> jest ograniczona terytorialnie do miasta <span style=\"color: #ff0000;\">GLIWCE<\/span>.<\/h4>\n<\/li>\n<li>\n<h4><span style=\"color: #3366ff;\">Us\u0142uga LABLINK<\/span> jest ograniczona czasowo do termin\u00f3w okre\u015blonych w<span style=\"color: #ff0000;\"> internetowym systemie rezerwacji<\/span>.<\/h4>\n<\/li>\n<li>\n<h4><span style=\"color: #3366ff;\">Us\u0142uga LABLINK<\/span> jest ograniczona do bada\u0144 laboratoryjnych uj\u0119tych w wykazie bada\u0144 laboratoryjnych dla kt\u00f3rych mo\u017cna pobra\u0107 pr\u00f3bki krwi lub odebra\u0107 pr\u00f3bki innego materia\u0142u biologicznego w domu Pacjenta.<\/h4>\n<\/li>\n<li>\n<h4><span style=\"color: #3366ff;\">Us\u0142uga LABLINK<\/span> jest ograniczona do <span style=\"color: #ff0000;\">bada\u0144 p\u0142atnych<\/span> wykonywanych w Centralnym Laboratorium Analitycznym w Gliwicach.\u00a0 Lista oraz ceny tych bada\u0144 znajduj\u0105 si\u0119 <span style=\"color: #0000ff;\"><a style=\"color: #0000ff;\" href=\"https:\/\/www.cenlab.com.pl\/wordpress\/wp-content\/uploads\/001-015-002_Cennik-badan-pobieranych-w-domu-pacjenta2.pdf\">tutaj<\/a><\/span> .<\/h4>\n<\/li>\n<li>\n<h4><span style=\"color: #3366ff;\">Us\u0142uga LABLINK<\/span> jest ograniczona do Pacjent\u00f3w, kt\u00f3rzy <span style=\"color: #ff0000;\">nie wymagaj\u0105 dodatkowego personelu medycznego asystuj\u0105cego<\/span> przy pobraniu krwi (np. nadpobudliwi pacjenci) .\u00a0 Takie osoby zapraszamy do naszej siedziby, gdzie mamy do dyspozycji wi\u0119cej os\u00f3b, kt\u00f3re mog\u0105 asystowa\u0107 przy pobraniu.<\/h4>\n<\/li>\n<li>\n<h4><span style=\"color: #3366ff;\">Us\u0142uga LABLINK<\/span> jest ograniczona <span style=\"color: #ff0000;\">do 4 os\u00f3b<\/span> mieszkaj\u0105cych pod jednym adresem (rodzina).\u00a0 Oznacza to, \u017ce odwiedzaj\u0105c Pacjenta w domu, mo\u017cemy\u00a0 pobra\u0107 pr\u00f3bki krwi lub odebra\u0107 pr\u00f3bki Innego Materia\u0142u Biologicznego dla pozosta\u0142ych 3 os\u00f3b.<\/h4>\n<\/li>\n<li>\n<h4><span style=\"color: #3366ff;\">Us\u0142uga LABLINK<\/span> oznacza <span style=\"color: #ff0000;\">wizyt\u0119<\/span> personelu medycznego\u00a0 laboratorium <span style=\"color: #ff0000;\">w domu Pacjenta<\/span> w celu\u00a0 pobrania krwi lub odebraniu Innego Materia\u0142u Biologicznego\u00a0\u00a0 oraz przyj\u0119ciu zlecenia na wykonanie odp\u0142atnych bada\u0144 laboratoryjnych. Zlecenie to nale\u017cy op\u0142aci\u0107 na miejscu (w domu Pacjenta) za pomoc\u0105 karty p\u0142atniczej lub got\u00f3wk\u0105.\u00a0 Personel medyczny dysponuje Przeno\u015bnym Punktem Sprzeda\u017cy dzi\u0119ki kt\u00f3remu rejestruje zlecenie Pacjenta w systemie informatycznym laboratorium,\u00a0 pobiera op\u0142at\u0119 za pomoc\u0105 terminala p\u0142atniczego oraz wydaje paragon fiskalny.<\/h4>\n<\/li>\n<li>\n<h4><span style=\"color: #3366ff;\">Us\u0142ug\u0119 LABLIN<\/span><span style=\"color: #3366ff;\">K<\/span> oraz us\u0142ug\u0119 wykonania zleconych bada\u0144 laboratoryjnych mo\u017cna zakupi\u0107 te\u017c w siedzibie laboratorium op\u0142acaj\u0105c j\u0105 za pomoc\u0105 karty p\u0142atniczej lub got\u00f3wk\u0105. Wydany paragon fiskalny zawiera list\u0119 zleconych i op\u0142aconych bada\u0144 oraz has\u0142o (klucz), kt\u00f3re b\u0119dzie potrzebne do odszyfrowania pliku PDF zawieraj\u0105cego elektroniczny obraz wyniku badania laboratoryjnego. Odszyfrowany plik PDF jest podpisany elektronicznie przez diagnost\u0119 laboratoryjnego.<\/h4>\n<\/li>\n<li>\n<h4><span style=\"color: #3366ff;\">Us\u0142uga LABLINK<\/span> jest <span style=\"color: #ff0000;\">unikalna<\/span> poniewa\u017c personel medyczny po pobraniu pr\u00f3bek krwi lub odebraniu pr\u00f3bek Innego Materia\u0142u Biologicznego do bada\u0144, dostarcza je niezw\u0142ocznie z domu pacjenta do laboratorium w warunkach, kt\u00f3re gwarantuj\u0105 niezmienno\u015b\u0107 parametr\u00f3w fizyko-chemicznych pr\u00f3bki. Cecha ta wpisuje si\u0119 w polityk\u0119 &#8220;<span style=\"color: #ff0000;\">czas ma znaczenie<\/span>&#8220;, kt\u00f3r\u0105 realizuje nasze laboratorium.<\/h4>\n<\/li>\n<\/ul>\n<p style=\"text-align: left;\">\n","protected":false},"excerpt":{"rendered":"<p>\u00a0 Us\u0142uga LABLINK jest prowadzona przez Centralne Laboratorium Analityczne w Gliwicach prowadz\u0105ce dzia\u0142alno\u015b\u0107 w Gliwicach przy ul. Zygmunta Starego 16A &#8211; podmiot leczniczy z 70-letni\u0105 tradycj\u0105. Us\u0142uga LABLINK jest ograniczona terytorialnie do miasta GLIWCE. Us\u0142uga LABLINK jest ograniczona czasowo do termin\u00f3w okre\u015blonych w internetowym systemie rezerwacji. Us\u0142uga LABLINK jest ograniczona do bada\u0144 laboratoryjnych uj\u0119tych w [&hellip;]<\/p>\n","protected":false},"author":1,"featured_media":0,"parent":0,"menu_order":0,"comment_status":"closed","ping_status":"closed","template":"","meta":{"footnotes":""},"class_list":["post-960","page","type-page","status-publish","hentry"],"_links":{"self":[{"href":"https:\/\/www.cenlab.com.pl\/index.php?rest_route=\/wp\/v2\/pages\/960"}],"collection":[{"href":"https:\/\/www.cenlab.com.pl\/index.php?rest_route=\/wp\/v2\/pages"}],"about":[{"href":"https:\/\/www.cenlab.com.pl\/index.php?rest_route=\/wp\/v2\/types\/page"}],"author":[{"embeddable":true,"href":"https:\/\/www.cenlab.com.pl\/index.php?rest_route=\/wp\/v2\/users\/1"}],"replies":[{"embeddable":true,"href":"https:\/\/www.cenlab.com.pl\/index.php?rest_route=%2Fwp%2Fv2%2Fcomments&post=960"}],"version-history":[{"count":66,"href":"https:\/\/www.cenlab.com.pl\/index.php?rest_route=\/wp\/v2\/pages\/960\/revisions"}],"predecessor-version":[{"id":1427,"href":"https:\/\/www.cenlab.com.pl\/index.php?rest_route=\/wp\/v2\/pages\/960\/revisions\/1427"}],"wp:attachment":[{"href":"https:\/\/www.cenlab.com.pl\/index.php?rest_route=%2Fwp%2Fv2%2Fmedia&parent=960"}],"curies":[{"name":"wp","href":"https:\/\/api.w.org\/{rel}","templated":true}]}}