{"id":963,"date":"2023-09-27T17:48:30","date_gmt":"2023-09-27T17:48:30","guid":{"rendered":"http:\/\/www.cenlab.com.pl\/?page_id=963"},"modified":"2025-06-30T19:32:58","modified_gmt":"2025-06-30T19:32:58","slug":"regulamin-uslugi-lablink","status":"publish","type":"page","link":"https:\/\/www.cenlab.com.pl\/?page_id=963","title":{"rendered":"Regulamin us\u0142ugi LABLINK"},"content":{"rendered":"\n<h2 class=\"wp-block-heading\"><span style=\"color: #999999;\"><em><a href=\"http:\/\/www.cenlab.com.pl\/wordpress\/wp-content\/uploads\/ChoryMi\u015b_600x338.jpg\"><img loading=\"lazy\" decoding=\"async\" class=\"alignnone size-full wp-image-992\" src=\"http:\/\/www.cenlab.com.pl\/wordpress\/wp-content\/uploads\/ChoryMi\u015b_600x338.jpg\" alt=\"ChoryMi\u015b_600x338\" width=\"600\" height=\"347\" srcset=\"https:\/\/www.cenlab.com.pl\/wordpress\/wp-content\/uploads\/ChoryMi\u015b_600x338.jpg 600w, https:\/\/www.cenlab.com.pl\/wordpress\/wp-content\/uploads\/ChoryMi\u015b_600x338-300x173.jpg 300w\" sizes=\"(max-width: 600px) 100vw, 600px\" \/><\/a><\/em><\/span><\/h2>\n\n\n\n<h3 class=\"wp-block-heading\"><span style=\"text-decoration: underline;\"><a href=\"http:\/\/www.cenlab.com.pl\/wordpress\/wp-content\/uploads\/RegulaminLABLINK.pdf\"><span style=\"color: #0000ff; text-decoration: underline;\">Regulamin us\u0142ugi LABLINK<\/span><\/a><\/span><span style=\"text-decoration: underline;\"><span style=\"color: #3366ff; text-decoration: underline;\"><span style=\"color: #3366ff; text-decoration: underline;\"><br><\/span><\/span><\/span><\/h3>\n\n\n\n<h3 class=\"wp-block-heading\"><a href=\"wordpress\/wp-content\/uploads\/001-015-002_Cennik-badan-pobieranych-w-domu-pacjenta.pdf\" data-wplink-edit=\"true\"><span style=\"color: #3366ff;\">Wykaz bada\u0144 laboratoryjnych wraz z ich cenami dla kt\u00f3rych mo\u017cna pobra\u0107 pr\u00f3bki materia\u0142u biologicznego w domu Pacjenta<\/span><\/a><\/h3>\n\n\n\n<h3 class=\"wp-block-heading\"><\/h3>\n","protected":false},"excerpt":{"rendered":"<p>Regulamin us\u0142ugi LABLINK Wykaz bada\u0144 laboratoryjnych wraz z ich cenami dla kt\u00f3rych mo\u017cna pobra\u0107 pr\u00f3bki materia\u0142u biologicznego w domu Pacjenta<\/p>\n","protected":false},"author":1,"featured_media":0,"parent":0,"menu_order":0,"comment_status":"closed","ping_status":"closed","template":"","meta":{"footnotes":""},"class_list":["post-963","page","type-page","status-publish","hentry"],"_links":{"self":[{"href":"https:\/\/www.cenlab.com.pl\/index.php?rest_route=\/wp\/v2\/pages\/963"}],"collection":[{"href":"https:\/\/www.cenlab.com.pl\/index.php?rest_route=\/wp\/v2\/pages"}],"about":[{"href":"https:\/\/www.cenlab.com.pl\/index.php?rest_route=\/wp\/v2\/types\/page"}],"author":[{"embeddable":true,"href":"https:\/\/www.cenlab.com.pl\/index.php?rest_route=\/wp\/v2\/users\/1"}],"replies":[{"embeddable":true,"href":"https:\/\/www.cenlab.com.pl\/index.php?rest_route=%2Fwp%2Fv2%2Fcomments&post=963"}],"version-history":[{"count":24,"href":"https:\/\/www.cenlab.com.pl\/index.php?rest_route=\/wp\/v2\/pages\/963\/revisions"}],"predecessor-version":[{"id":1402,"href":"https:\/\/www.cenlab.com.pl\/index.php?rest_route=\/wp\/v2\/pages\/963\/revisions\/1402"}],"wp:attachment":[{"href":"https:\/\/www.cenlab.com.pl\/index.php?rest_route=%2Fwp%2Fv2%2Fmedia&parent=963"}],"curies":[{"name":"wp","href":"https:\/\/api.w.org\/{rel}","templated":true}]}}